{"id":142,"date":"2019-08-07T11:37:58","date_gmt":"2019-08-07T11:37:58","guid":{"rendered":"https:\/\/www.goon.fi\/gangsterikvartetti\/?page_id=142"},"modified":"2019-08-07T11:42:57","modified_gmt":"2019-08-07T11:42:57","slug":"yhteystiedot","status":"publish","type":"page","link":"https:\/\/www.goon.fi\/gangsterikvartetti\/?page_id=142","title":{"rendered":"Yhteystiedot"},"content":{"rendered":"\n<h2 class=\"wp-block-heading\">Studio Oy Korkeakoski<\/h2>\n\n\n\n<p>T\u00f6\u00f6l\u00f6nkatu 31 A 5<br>00260 Helsinki<br>Finland<\/p>\n\n\n\n<p>P. +358 50 695 8007<\/p>\n\n\n\n<p>E-mail. tatu . ljokkoi ( at ) gmail . com<\/p>\n","protected":false},"excerpt":{"rendered":"<p>Studio Oy Korkeakoski T\u00f6\u00f6l\u00f6nkatu 31 A 500260 HelsinkiFinland P. +358 50 695 8007 E-mail. tatu . ljokkoi ( at ) gmail . com<\/p>\n","protected":false},"author":1,"featured_media":0,"parent":0,"menu_order":0,"comment_status":"closed","ping_status":"closed","template":"","meta":{"footnotes":""},"_links":{"self":[{"href":"https:\/\/www.goon.fi\/gangsterikvartetti\/index.php?rest_route=\/wp\/v2\/pages\/142"}],"collection":[{"href":"https:\/\/www.goon.fi\/gangsterikvartetti\/index.php?rest_route=\/wp\/v2\/pages"}],"about":[{"href":"https:\/\/www.goon.fi\/gangsterikvartetti\/index.php?rest_route=\/wp\/v2\/types\/page"}],"author":[{"embeddable":true,"href":"https:\/\/www.goon.fi\/gangsterikvartetti\/index.php?rest_route=\/wp\/v2\/users\/1"}],"replies":[{"embeddable":true,"href":"https:\/\/www.goon.fi\/gangsterikvartetti\/index.php?rest_route=%2Fwp%2Fv2%2Fcomments&post=142"}],"version-history":[{"count":2,"href":"https:\/\/www.goon.fi\/gangsterikvartetti\/index.php?rest_route=\/wp\/v2\/pages\/142\/revisions"}],"predecessor-version":[{"id":148,"href":"https:\/\/www.goon.fi\/gangsterikvartetti\/index.php?rest_route=\/wp\/v2\/pages\/142\/revisions\/148"}],"wp:attachment":[{"href":"https:\/\/www.goon.fi\/gangsterikvartetti\/index.php?rest_route=%2Fwp%2Fv2%2Fmedia&parent=142"}],"curies":[{"name":"wp","href":"https:\/\/api.w.org\/{rel}","templated":true}]}}