{"id":83,"date":"2019-08-04T09:21:12","date_gmt":"2019-08-04T09:21:12","guid":{"rendered":"https:\/\/www.goon.fi\/gangsterikvartetti\/?page_id=83"},"modified":"2019-08-04T17:19:40","modified_gmt":"2019-08-04T17:19:40","slug":"press-promokuvat","status":"publish","type":"page","link":"https:\/\/www.goon.fi\/gangsterikvartetti\/?page_id=83","title":{"rendered":"Promokuvat"},"content":{"rendered":"\n<p>Lataa alta korkearesoluutioistet kuvat b\u00e4ndist\u00e4. Kaikki kuvat RGB jpg-formaatissa.<\/p>\n\n\n\n<p>Kuvaaja Mari Ljokkoi. Kuvaajan nimi mainittava k\u00e4ytett\u00e4ess\u00e4.<\/p>\n\n\n\n<h3 class=\"wp-block-heading\">Promokuva: Vaaka 1<\/h3>\n\n\n\n<p><a href=\"https:\/\/www.goon.fi\/gangsterikvartetti\/?attachment_id=100\">Lataa kuva<\/a><\/p>\n\n\n\n<figure class=\"wp-block-image\"><img loading=\"lazy\" decoding=\"async\" width=\"1024\" height=\"677\" src=\"https:\/\/www.goon.fi\/gangsterikvartetti\/wp-content\/uploads\/2019\/08\/Gangsterikvartetti-promo-vaaka4-hires-RGB-1024x677.jpg\" alt=\"\" class=\"wp-image-100\" srcset=\"https:\/\/www.goon.fi\/gangsterikvartetti\/wp-content\/uploads\/2019\/08\/Gangsterikvartetti-promo-vaaka4-hires-RGB-1024x677.jpg 1024w, https:\/\/www.goon.fi\/gangsterikvartetti\/wp-content\/uploads\/2019\/08\/Gangsterikvartetti-promo-vaaka4-hires-RGB-300x198.jpg 300w, https:\/\/www.goon.fi\/gangsterikvartetti\/wp-content\/uploads\/2019\/08\/Gangsterikvartetti-promo-vaaka4-hires-RGB-768x508.jpg 768w\" sizes=\"(max-width: 1024px) 100vw, 1024px\" \/><figcaption>Kuvassa vasemmalta oikealle: Jussi Hartonen, Henrikki Haavisto, Tatu Ljokkoi ja Juho Jantunen<\/figcaption><\/figure>\n\n\n\n<h3 class=\"wp-block-heading\">Promokuva: Vaaka 2<\/h3>\n\n\n\n<p><a href=\"https:\/\/www.goon.fi\/gangsterikvartetti\/?attachment_id=99\">Lataa kuva<\/a><\/p>\n\n\n\n<figure class=\"wp-block-image\"><img loading=\"lazy\" decoding=\"async\" width=\"1024\" height=\"662\" src=\"https:\/\/www.goon.fi\/gangsterikvartetti\/wp-content\/uploads\/2019\/08\/Gangsterikvartetti-promo-vaaka3-hires-RGB-1024x662.jpg\" alt=\"\" class=\"wp-image-99\" srcset=\"https:\/\/www.goon.fi\/gangsterikvartetti\/wp-content\/uploads\/2019\/08\/Gangsterikvartetti-promo-vaaka3-hires-RGB-1024x662.jpg 1024w, https:\/\/www.goon.fi\/gangsterikvartetti\/wp-content\/uploads\/2019\/08\/Gangsterikvartetti-promo-vaaka3-hires-RGB-300x194.jpg 300w, https:\/\/www.goon.fi\/gangsterikvartetti\/wp-content\/uploads\/2019\/08\/Gangsterikvartetti-promo-vaaka3-hires-RGB-768x497.jpg 768w\" sizes=\"(max-width: 1024px) 100vw, 1024px\" \/><figcaption>Kuvassa vasemmalta oikealle: Jussi Hartonen, Henrikki Haavisto, Juho Jantunen &amp; Tatu Ljokkoi<\/figcaption><\/figure>\n\n\n\n<p><\/p>\n\n\n\n<h3 class=\"wp-block-heading\">Promokuva: Leve\u00e4 vaaka<\/h3>\n\n\n\n<p><a href=\"https:\/\/www.goon.fi\/gangsterikvartetti\/whttps:\/\/www.goon.fi\/gangsterikvartetti\/?attachment_id=98\">Lataa kuva<\/a><\/p>\n\n\n\n<figure class=\"wp-block-image\"><img loading=\"lazy\" decoding=\"async\" width=\"1024\" height=\"516\" src=\"https:\/\/www.goon.fi\/gangsterikvartetti\/wp-content\/uploads\/2019\/08\/Gangsterikvartetti-promo-vaaka2-hires-RGB-1024x516.jpg\" alt=\"\" class=\"wp-image-98\" srcset=\"https:\/\/www.goon.fi\/gangsterikvartetti\/wp-content\/uploads\/2019\/08\/Gangsterikvartetti-promo-vaaka2-hires-RGB-1024x516.jpg 1024w, https:\/\/www.goon.fi\/gangsterikvartetti\/wp-content\/uploads\/2019\/08\/Gangsterikvartetti-promo-vaaka2-hires-RGB-300x151.jpg 300w, https:\/\/www.goon.fi\/gangsterikvartetti\/wp-content\/uploads\/2019\/08\/Gangsterikvartetti-promo-vaaka2-hires-RGB-768x387.jpg 768w\" sizes=\"(max-width: 1024px) 100vw, 1024px\" \/><figcaption>Kuvassa vasemmalta oikealle: Henrikki Haavisto, Jussi Hartonen, Juho Jantunen ja Tatu Ljokkoi<\/figcaption><\/figure>\n\n\n\n<p><\/p>\n\n\n\n<h3 class=\"wp-block-heading\">Promokuva: Leve\u00e4mpi vaaka 1<\/h3>\n\n\n\n<p><a href=\"https:\/\/www.goon.fi\/gangsterikvartetti\/?attachment_id=97\">Lataa kuva<\/a><\/p>\n\n\n\n<figure class=\"wp-block-image\"><img loading=\"lazy\" decoding=\"async\" width=\"1024\" height=\"534\" src=\"https:\/\/www.goon.fi\/gangsterikvartetti\/wp-content\/uploads\/2019\/08\/Gangsterikvartetti-promo-vaaka1-ver2-hires-RGB-1024x534.jpg\" alt=\"\" class=\"wp-image-97\" srcset=\"https:\/\/www.goon.fi\/gangsterikvartetti\/wp-content\/uploads\/2019\/08\/Gangsterikvartetti-promo-vaaka1-ver2-hires-RGB-1024x534.jpg 1024w, https:\/\/www.goon.fi\/gangsterikvartetti\/wp-content\/uploads\/2019\/08\/Gangsterikvartetti-promo-vaaka1-ver2-hires-RGB-300x156.jpg 300w, https:\/\/www.goon.fi\/gangsterikvartetti\/wp-content\/uploads\/2019\/08\/Gangsterikvartetti-promo-vaaka1-ver2-hires-RGB-768x401.jpg 768w, https:\/\/www.goon.fi\/gangsterikvartetti\/wp-content\/uploads\/2019\/08\/Gangsterikvartetti-promo-vaaka1-ver2-hires-RGB-538x280.jpg 538w\" sizes=\"(max-width: 1024px) 100vw, 1024px\" \/><figcaption>Kuvassa vasemmalta oikealle: Jussi Hartonen, Henrikki Haavisto, Juho Jantunen ja Tatu Ljokkoi<\/figcaption><\/figure>\n\n\n\n<h3 class=\"wp-block-heading\">Promokuva: Leve\u00e4mpi vaaka 2<\/h3>\n\n\n\n<p><a href=\"https:\/\/www.goon.fi\/gangsterikvartetti\/?attachment_id=96\">Lataa kuva<\/a><\/p>\n\n\n\n<figure class=\"wp-block-image\"><img loading=\"lazy\" decoding=\"async\" width=\"1024\" height=\"545\" src=\"https:\/\/www.goon.fi\/gangsterikvartetti\/wp-content\/uploads\/2019\/08\/Gangsterikvartetti-promo-vaaka1-ver1-hires-RGB-1024x545.jpg\" alt=\"\" class=\"wp-image-96\" srcset=\"https:\/\/www.goon.fi\/gangsterikvartetti\/wp-content\/uploads\/2019\/08\/Gangsterikvartetti-promo-vaaka1-ver1-hires-RGB-1024x545.jpg 1024w, https:\/\/www.goon.fi\/gangsterikvartetti\/wp-content\/uploads\/2019\/08\/Gangsterikvartetti-promo-vaaka1-ver1-hires-RGB-300x160.jpg 300w, https:\/\/www.goon.fi\/gangsterikvartetti\/wp-content\/uploads\/2019\/08\/Gangsterikvartetti-promo-vaaka1-ver1-hires-RGB-768x409.jpg 768w\" sizes=\"(max-width: 1024px) 100vw, 1024px\" \/><figcaption>Kuvassa vasemmalta oikealle: Jussi Hartonen, Henrikki Haavisto, Juho Jantunen ja Tatu Ljokkoi<\/figcaption><\/figure>\n\n\n\n<h3 class=\"wp-block-heading\">Promokuva: Pystykuva soittimilla<\/h3>\n\n\n\n<p><a href=\"https:\/\/www.goon.fi\/gangsterikvartetti\/?attachment_id=95\">Lataa kuva<\/a><\/p>\n\n\n\n<figure class=\"wp-block-image\"><img loading=\"lazy\" decoding=\"async\" width=\"709\" height=\"1024\" src=\"https:\/\/www.goon.fi\/gangsterikvartetti\/wp-content\/uploads\/2019\/08\/Gangsterikvartetti-promo-pystykuva-soittimet-hires-RGB-709x1024.jpg\" alt=\"\" class=\"wp-image-95\" srcset=\"https:\/\/www.goon.fi\/gangsterikvartetti\/wp-content\/uploads\/2019\/08\/Gangsterikvartetti-promo-pystykuva-soittimet-hires-RGB-709x1024.jpg 709w, https:\/\/www.goon.fi\/gangsterikvartetti\/wp-content\/uploads\/2019\/08\/Gangsterikvartetti-promo-pystykuva-soittimet-hires-RGB-208x300.jpg 208w, https:\/\/www.goon.fi\/gangsterikvartetti\/wp-content\/uploads\/2019\/08\/Gangsterikvartetti-promo-pystykuva-soittimet-hires-RGB-768x1109.jpg 768w\" sizes=\"(max-width: 709px) 100vw, 709px\" \/><figcaption>Kuvassa takana vasemmalta oikealle: Tatu Ljokkoi, Henrikki Haavisto ja Juho Jantunen. Edess\u00e4 Jussi Hartonen.<\/figcaption><\/figure>\n\n\n\n<h3 class=\"wp-block-heading\">Promokuva: Kapea vaaka<\/h3>\n\n\n\n<p><a href=\"https:\/\/www.goon.fi\/gangsterikvartetti\/?attachment_id=94\">Lataa kuva<\/a><\/p>\n\n\n\n<figure class=\"wp-block-image\"><img loading=\"lazy\" decoding=\"async\" width=\"1024\" height=\"861\" src=\"https:\/\/www.goon.fi\/gangsterikvartetti\/wp-content\/uploads\/2019\/08\/Gangsterikvartetti-promo-neli\u00f6-hires-RGB-1024x861.jpg\" alt=\"\" class=\"wp-image-94\" srcset=\"https:\/\/www.goon.fi\/gangsterikvartetti\/wp-content\/uploads\/2019\/08\/Gangsterikvartetti-promo-neli\u00f6-hires-RGB-1024x861.jpg 1024w, https:\/\/www.goon.fi\/gangsterikvartetti\/wp-content\/uploads\/2019\/08\/Gangsterikvartetti-promo-neli\u00f6-hires-RGB-300x252.jpg 300w, https:\/\/www.goon.fi\/gangsterikvartetti\/wp-content\/uploads\/2019\/08\/Gangsterikvartetti-promo-neli\u00f6-hires-RGB-768x645.jpg 768w\" sizes=\"(max-width: 1024px) 100vw, 1024px\" \/><figcaption>Kuvassa vasemmalta oikealle: Jussi Hartonen, Henrikki Haavisto, Juho Jantunen ja Tatu Ljokkoi<\/figcaption><\/figure>\n\n\n\n<h3 class=\"wp-block-heading\">Promokuva: Neli\u00f6<\/h3>\n\n\n\n<p><a href=\"https:\/\/www.goon.fi\/gangsterikvartetti\/?attachment_id=93\">Lataa kuva<\/a><\/p>\n\n\n\n<figure class=\"wp-block-image\"><img loading=\"lazy\" decoding=\"async\" width=\"1024\" height=\"849\" src=\"https:\/\/www.goon.fi\/gangsterikvartetti\/wp-content\/uploads\/2019\/08\/Gangsterikvartetti-promo-kapea-vaaka-hires-RGB-1024x849.jpg\" alt=\"\" class=\"wp-image-93\" srcset=\"https:\/\/www.goon.fi\/gangsterikvartetti\/wp-content\/uploads\/2019\/08\/Gangsterikvartetti-promo-kapea-vaaka-hires-RGB-1024x849.jpg 1024w, https:\/\/www.goon.fi\/gangsterikvartetti\/wp-content\/uploads\/2019\/08\/Gangsterikvartetti-promo-kapea-vaaka-hires-RGB-300x249.jpg 300w, https:\/\/www.goon.fi\/gangsterikvartetti\/wp-content\/uploads\/2019\/08\/Gangsterikvartetti-promo-kapea-vaaka-hires-RGB-768x636.jpg 768w\" sizes=\"(max-width: 1024px) 100vw, 1024px\" \/><figcaption>Kuvassa vasemmalta oikealle: Jussi Hartonen, Henrikki Haavisto, Juho Jantunen ja Tatu Ljokkoi<\/figcaption><\/figure>\n\n\n\n<h3 class=\"wp-block-heading\">Promokuva: Kapea vaaka auto<\/h3>\n\n\n\n<p><a href=\"https:\/\/www.goon.fi\/gangsterikvartetti\/?attachment_id=92\">Lataa kuva<\/a><\/p>\n\n\n\n<figure class=\"wp-block-image\"><img loading=\"lazy\" decoding=\"async\" width=\"1024\" height=\"852\" src=\"https:\/\/www.goon.fi\/gangsterikvartetti\/wp-content\/uploads\/2019\/08\/Gangsterikvartetti-promo-auto-hires-RGB-1024x852.jpg\" alt=\"\" class=\"wp-image-92\" srcset=\"https:\/\/www.goon.fi\/gangsterikvartetti\/wp-content\/uploads\/2019\/08\/Gangsterikvartetti-promo-auto-hires-RGB-1024x852.jpg 1024w, https:\/\/www.goon.fi\/gangsterikvartetti\/wp-content\/uploads\/2019\/08\/Gangsterikvartetti-promo-auto-hires-RGB-300x250.jpg 300w, https:\/\/www.goon.fi\/gangsterikvartetti\/wp-content\/uploads\/2019\/08\/Gangsterikvartetti-promo-auto-hires-RGB-768x639.jpg 768w\" sizes=\"(max-width: 1024px) 100vw, 1024px\" \/><figcaption>Kuvassa vasemmalta oikealle: Jussi Hartonen, Juho Jantunen, Henrikki Haavisto ja Tatu Ljokkoi<\/figcaption><\/figure>\n\n\n\n<h3 class=\"wp-block-heading\">Levyn kansi: Gangsterikvartetti EP<\/h3>\n\n\n\n<p><a href=\"https:\/\/www.goon.fi\/gangsterikvartetti\/?attachment_id=111\">Lataa kuva<\/a><\/p>\n\n\n\n<figure class=\"wp-block-image\"><img loading=\"lazy\" decoding=\"async\" width=\"1024\" height=\"1024\" src=\"https:\/\/www.goon.fi\/gangsterikvartetti\/wp-content\/uploads\/2019\/08\/Gangsterikvartetti-etukansi-digijakelu-jpg-1024x1024.jpg\" alt=\"\" class=\"wp-image-111\" srcset=\"https:\/\/www.goon.fi\/gangsterikvartetti\/wp-content\/uploads\/2019\/08\/Gangsterikvartetti-etukansi-digijakelu-jpg-1024x1024.jpg 1024w, https:\/\/www.goon.fi\/gangsterikvartetti\/wp-content\/uploads\/2019\/08\/Gangsterikvartetti-etukansi-digijakelu-jpg-150x150.jpg 150w, https:\/\/www.goon.fi\/gangsterikvartetti\/wp-content\/uploads\/2019\/08\/Gangsterikvartetti-etukansi-digijakelu-jpg-300x300.jpg 300w, https:\/\/www.goon.fi\/gangsterikvartetti\/wp-content\/uploads\/2019\/08\/Gangsterikvartetti-etukansi-digijakelu-jpg-768x768.jpg 768w\" sizes=\"(max-width: 1024px) 100vw, 1024px\" \/><figcaption>Gangsterikvartetti: Gangsterikvartetti EP ilmestyy 5.9.2019<\/figcaption><\/figure>\n","protected":false},"excerpt":{"rendered":"<p>Lataa alta korkearesoluutioistet kuvat b\u00e4ndist\u00e4. Kaikki kuvat RGB jpg-formaatissa. Kuvaaja Mari Ljokkoi. Kuvaajan nimi mainittava k\u00e4ytett\u00e4ess\u00e4. Promokuva: Vaaka 1 Lataa kuva Promokuva: Vaaka 2 Lataa kuva Promokuva: Leve\u00e4 vaaka Lataa kuva Promokuva: Leve\u00e4mpi vaaka 1 Lataa kuva Promokuva: Leve\u00e4mpi vaaka 2 Lataa kuva Promokuva: Pystykuva soittimilla Lataa kuva Promokuva: Kapea&#8230;<\/p>\n","protected":false},"author":1,"featured_media":0,"parent":0,"menu_order":0,"comment_status":"closed","ping_status":"closed","template":"","meta":{"footnotes":""},"_links":{"self":[{"href":"https:\/\/www.goon.fi\/gangsterikvartetti\/index.php?rest_route=\/wp\/v2\/pages\/83"}],"collection":[{"href":"https:\/\/www.goon.fi\/gangsterikvartetti\/index.php?rest_route=\/wp\/v2\/pages"}],"about":[{"href":"https:\/\/www.goon.fi\/gangsterikvartetti\/index.php?rest_route=\/wp\/v2\/types\/page"}],"author":[{"embeddable":true,"href":"https:\/\/www.goon.fi\/gangsterikvartetti\/index.php?rest_route=\/wp\/v2\/users\/1"}],"replies":[{"embeddable":true,"href":"https:\/\/www.goon.fi\/gangsterikvartetti\/index.php?rest_route=%2Fwp%2Fv2%2Fcomments&post=83"}],"version-history":[{"count":15,"href":"https:\/\/www.goon.fi\/gangsterikvartetti\/index.php?rest_route=\/wp\/v2\/pages\/83\/revisions"}],"predecessor-version":[{"id":131,"href":"https:\/\/www.goon.fi\/gangsterikvartetti\/index.php?rest_route=\/wp\/v2\/pages\/83\/revisions\/131"}],"wp:attachment":[{"href":"https:\/\/www.goon.fi\/gangsterikvartetti\/index.php?rest_route=%2Fwp%2Fv2%2Fmedia&parent=83"}],"curies":[{"name":"wp","href":"https:\/\/api.w.org\/{rel}","templated":true}]}}