{"id":301,"date":"2019-07-27T10:17:55","date_gmt":"2019-07-27T10:17:55","guid":{"rendered":"http:\/\/www.goon.fi\/?page_id=301"},"modified":"2021-08-16T15:58:44","modified_gmt":"2021-08-16T12:58:44","slug":"musiikki-uusi","status":"publish","type":"page","link":"https:\/\/www.goon.fi\/?page_id=301","title":{"rendered":"Musiikki"},"content":{"rendered":"\n<p>Goonin musiikkia l\u00f6ytyy kaikista suosituimmista streamaus- ja latauspalveluista.<\/p>\n\n\n\n<h2 class=\"wp-block-heading\">Pitk\u00e4soitot<\/h2>\n\n\n\n<ul class=\"wp-block-list\"><li><a href=\"https:\/\/www.goon.fi\/?page_id=304\">Kaikki kunnossa (2007)<\/a><\/li><li><a href=\"https:\/\/www.goon.fi\/?page_id=310\">Tehtaan varjosta (2009)<\/a><\/li><li><a href=\"https:\/\/www.goon.fi\/?page_id=313\">Goon (2010)<\/a><\/li><li><a href=\"https:\/\/www.goon.fi\/?page_id=316\">Paikka t\u00e4\u00e4ll\u00e4 (2013)<\/a><\/li><\/ul>\n\n\n\n<h2 class=\"wp-block-heading\">Singlet ja Ep:t<\/h2>\n\n\n\n<ul class=\"wp-block-list\"><li><a href=\"https:\/\/www.goon.fi\/?page_id=320\">Goon (2001)<\/a><\/li><li><a href=\"https:\/\/www.goon.fi\/?page_id=324\">Police on Duty from Nine till Five (2002)<\/a><\/li><li><a href=\"https:\/\/www.goon.fi\/?page_id=328\">Kaikki huutaa (2002)<\/a><\/li><li><a href=\"https:\/\/www.goon.fi\/?page_id=332\">V\u00e4\u00e4r\u00e4ll\u00e4 puolella (2003)<\/a><\/li><li><a href=\"https:\/\/www.goon.fi\/?page_id=339\">Hanna (2003)<\/a><\/li><li><a href=\"https:\/\/www.goon.fi\/?page_id=343\">Tee ty\u00f6t\u00e4 jolla on tarkoitus (2005)<\/a><\/li><li><a href=\"https:\/\/www.goon.fi\/?page_id=347\">Suuri postiry\u00f6st\u00f6 (2006)<\/a><\/li><li><a href=\"https:\/\/www.goon.fi\/?page_id=391\">Katkera, ylpe\u00e4 ja kateellinen (2007)<\/a><\/li><li><a href=\"https:\/\/www.goon.fi\/?page_id=352\">Taas sen t\u00e4ytyy muuttuu (2007)<\/a><\/li><li><a href=\"https:\/\/www.goon.fi\/?page_id=394\">Kaiken ei tarvitse (2007)<\/a><\/li><li><a href=\"https:\/\/www.goon.fi\/?page_id=356\">Telaj\u00e4rvi \/ Hiljainen poika (2008)<\/a><\/li><li><a href=\"https:\/\/www.goon.fi\/?page_id=360\">Liekki (2010)<\/a><\/li><li><a href=\"https:\/\/www.goon.fi\/?page_id=365\">Kuka v\u00e4litt\u00e4isi feat. Asa (2010)<\/a><\/li><li><a href=\"https:\/\/www.goon.fi\/?page_id=369\">Pysyt\u00e4\u00e4n t\u00e4\u00e4ll\u00e4 (2011)<\/a><\/li><li><a href=\"https:\/\/www.goon.fi\/?page_id=397\">Kaikist paras biisi (2013)<\/a><\/li><\/ul>\n\n\n\n<h2 class=\"wp-block-heading\">Kokoelmat<\/h2>\n\n\n\n<ul class=\"wp-block-list\"><li><a href=\"https:\/\/www.goon.fi\/?page_id=373\">Various Artists: United Colors of Ska 4.0 (2007)<\/a><\/li><li><a href=\"https:\/\/www.goon.fi\/?page_id=400\">Various Artists: Salad Bowl (2010)<\/a><\/li><li><a href=\"https:\/\/www.goon.fi\/?page_id=376\">Kymmenen vuotta jotaa omituista rytmimusiikkii (2011)<\/a><\/li><\/ul>\n\n\n\n<p class=\"has-text-align-right\"><a href=\"https:\/\/www.goon.fi\/?page_id=301\">Takaisin musiikki-sivulle<\/a><\/p>\n","protected":false},"excerpt":{"rendered":"<p>Goonin musiikkia l\u00f6ytyy kaikista suosituimmista streamaus- ja latauspalveluista. Pitk\u00e4soitot Kaikki kunnossa (2007) Tehtaan varjosta (2009) Goon (2010) Paikka t\u00e4\u00e4ll\u00e4 (2013) Singlet ja Ep:t Goon (2001) Police on Duty from Nine<a href=\"https:\/\/www.goon.fi\/?page_id=301\" class=\"more-link\"><span class=\"readmore\">Lue lis\u00e4\u00e4<span class=\"screen-reader-text\">Musiikki<\/span><\/span><\/a><\/p>\n","protected":false},"author":1,"featured_media":0,"parent":0,"menu_order":0,"comment_status":"closed","ping_status":"closed","template":"","meta":{"ngg_post_thumbnail":0,"footnotes":""},"class_list":["post-301","page","type-page","status-publish","hentry"],"_links":{"self":[{"href":"https:\/\/www.goon.fi\/index.php?rest_route=\/wp\/v2\/pages\/301","targetHints":{"allow":["GET"]}}],"collection":[{"href":"https:\/\/www.goon.fi\/index.php?rest_route=\/wp\/v2\/pages"}],"about":[{"href":"https:\/\/www.goon.fi\/index.php?rest_route=\/wp\/v2\/types\/page"}],"author":[{"embeddable":true,"href":"https:\/\/www.goon.fi\/index.php?rest_route=\/wp\/v2\/users\/1"}],"replies":[{"embeddable":true,"href":"https:\/\/www.goon.fi\/index.php?rest_route=%2Fwp%2Fv2%2Fcomments&post=301"}],"version-history":[{"count":33,"href":"https:\/\/www.goon.fi\/index.php?rest_route=\/wp\/v2\/pages\/301\/revisions"}],"predecessor-version":[{"id":760,"href":"https:\/\/www.goon.fi\/index.php?rest_route=\/wp\/v2\/pages\/301\/revisions\/760"}],"wp:attachment":[{"href":"https:\/\/www.goon.fi\/index.php?rest_route=%2Fwp%2Fv2%2Fmedia&parent=301"}],"curies":[{"name":"wp","href":"https:\/\/api.w.org\/{rel}","templated":true}]}}