{"id":304,"date":"2019-07-27T10:20:01","date_gmt":"2019-07-27T10:20:01","guid":{"rendered":"http:\/\/www.goon.fi\/?page_id=304"},"modified":"2019-08-04T12:05:18","modified_gmt":"2019-08-04T09:05:18","slug":"kaikki-kunnossa-2007","status":"publish","type":"page","link":"https:\/\/www.goon.fi\/?page_id=304","title":{"rendered":"Kaikki kunnossa (2007)"},"content":{"rendered":"\n<figure class=\"wp-block-image\"><img loading=\"lazy\" decoding=\"async\" width=\"814\" height=\"741\" src=\"https:\/\/www.goon.fi\/wp-content\/uploads\/2017\/04\/levy_kaikkikunnossa_lores.jpg\" alt=\"\" class=\"wp-image-54\" srcset=\"https:\/\/www.goon.fi\/wp-content\/uploads\/2017\/04\/levy_kaikkikunnossa_lores.jpg 814w, https:\/\/www.goon.fi\/wp-content\/uploads\/2017\/04\/levy_kaikkikunnossa_lores-300x273.jpg 300w, https:\/\/www.goon.fi\/wp-content\/uploads\/2017\/04\/levy_kaikkikunnossa_lores-768x699.jpg 768w\" sizes=\"auto, (max-width: 814px) 100vw, 814px\" \/><\/figure>\n\n\n\n<p>CD ja digitaalinen julkaisu<br>Julkaisija: Break A Leg Entertainment, BALE-1007<br>Jakelu: Playground Music Scandinavia<\/p>\n\n\n\n<ol class=\"wp-block-list\"><li>Iloinen laulu<\/li><li>Huudan, tanssin, riehun ja laulan<\/li><li>Kaiken ei tarvitse<\/li><li>Taas sen t\u00e4ytyy muuttuu<\/li><li>Tien p\u00e4\u00e4ll\u00e4<\/li><li>Jauhokoisa<\/li><li>Maanantaiaamu<\/li><li>Katkera, ylpe\u00e4 ja kateellinen<\/li><li>Tytt\u00f6kulta<\/li><li>Juokset taas<\/li><li>Kunnes potkaisen tyhj\u00e4\u00e4<\/li><li>Miten mulla menee<\/li><\/ol>\n\n\n\n<p>\u00c4\u00e4nitys ja miksaus: Teemu Aalto \/ South-East Sounds, Karhula<br>Tuotanto: Teemu Aalto &amp; Goon<br>A&amp;R: Teja Kotilainen<br>Masterointi: Henkka Niemist\u00f6 \/ Chartmakers<\/p>\n\n\n\n<figure class=\"wp-block-embed-youtube wp-block-embed is-type-video is-provider-youtube wp-embed-aspect-16-9 wp-has-aspect-ratio\"><div class=\"wp-block-embed__wrapper\">\n<iframe loading=\"lazy\" title=\"Goon - Kaikki kunnossa\" width=\"990\" height=\"557\" src=\"https:\/\/www.youtube.com\/embed\/videoseries?list=PLew0YkTwnakrRippPH0E-RbAGWjYAi5pk\" frameborder=\"0\" allow=\"accelerometer; autoplay; clipboard-write; encrypted-media; gyroscope; picture-in-picture\" allowfullscreen><\/iframe>\n<\/div><figcaption>Kaikki kunnossa Youtubessa<\/figcaption><\/figure>\n\n\n\n<figure class=\"wp-block-embed-spotify wp-block-embed is-type-rich is-provider-spotify wp-embed-aspect-9-16 wp-has-aspect-ratio\"><div class=\"wp-block-embed__wrapper\">\n<iframe loading=\"lazy\" title=\"Spotify Embed: Kaikki Kunnossa\" width=\"100%\" height=\"380\" allowtransparency=\"true\" frameborder=\"0\" allow=\"encrypted-media\" src=\"https:\/\/open.spotify.com\/embed\/album\/3LrUgy3KY73ON5Ljbz8Hfr?si=4pmboFK5Tcyt1FxihmjfPQ\"><\/iframe>\n<\/div><figcaption>Kaikki kunnossa Spotifyss\u00e4<\/figcaption><\/figure>\n\n\n\n<p style=\"text-align:right\"><a href=\"https:\/\/www.goon.fi\/?page_id=301\">Takaisin musiikki-sivulle<\/a><\/p>\n","protected":false},"excerpt":{"rendered":"<p>CD ja digitaalinen julkaisuJulkaisija: Break A Leg Entertainment, BALE-1007Jakelu: Playground Music Scandinavia Iloinen laulu Huudan, tanssin, riehun ja laulan Kaiken ei tarvitse Taas sen t\u00e4ytyy muuttuu Tien p\u00e4\u00e4ll\u00e4 Jauhokoisa Maanantaiaamu<a href=\"https:\/\/www.goon.fi\/?page_id=304\" class=\"more-link\"><span class=\"readmore\">Lue lis\u00e4\u00e4<span class=\"screen-reader-text\">Kaikki kunnossa (2007)<\/span><\/span><\/a><\/p>\n","protected":false},"author":1,"featured_media":0,"parent":301,"menu_order":0,"comment_status":"closed","ping_status":"closed","template":"","meta":{"ngg_post_thumbnail":0,"footnotes":""},"class_list":["post-304","page","type-page","status-publish","hentry"],"_links":{"self":[{"href":"https:\/\/www.goon.fi\/index.php?rest_route=\/wp\/v2\/pages\/304","targetHints":{"allow":["GET"]}}],"collection":[{"href":"https:\/\/www.goon.fi\/index.php?rest_route=\/wp\/v2\/pages"}],"about":[{"href":"https:\/\/www.goon.fi\/index.php?rest_route=\/wp\/v2\/types\/page"}],"author":[{"embeddable":true,"href":"https:\/\/www.goon.fi\/index.php?rest_route=\/wp\/v2\/users\/1"}],"replies":[{"embeddable":true,"href":"https:\/\/www.goon.fi\/index.php?rest_route=%2Fwp%2Fv2%2Fcomments&post=304"}],"version-history":[{"count":3,"href":"https:\/\/www.goon.fi\/index.php?rest_route=\/wp\/v2\/pages\/304\/revisions"}],"predecessor-version":[{"id":462,"href":"https:\/\/www.goon.fi\/index.php?rest_route=\/wp\/v2\/pages\/304\/revisions\/462"}],"up":[{"embeddable":true,"href":"https:\/\/www.goon.fi\/index.php?rest_route=\/wp\/v2\/pages\/301"}],"wp:attachment":[{"href":"https:\/\/www.goon.fi\/index.php?rest_route=%2Fwp%2Fv2%2Fmedia&parent=304"}],"curies":[{"name":"wp","href":"https:\/\/api.w.org\/{rel}","templated":true}]}}