{"id":310,"date":"2019-07-27T10:33:24","date_gmt":"2019-07-27T10:33:24","guid":{"rendered":"http:\/\/www.goon.fi\/?page_id=310"},"modified":"2019-08-04T12:05:37","modified_gmt":"2019-08-04T09:05:37","slug":"tehtaan-varjosta-2009","status":"publish","type":"page","link":"https:\/\/www.goon.fi\/?page_id=310","title":{"rendered":"Tehtaan varjosta (2009)"},"content":{"rendered":"\n<figure class=\"wp-block-image\"><img loading=\"lazy\" decoding=\"async\" width=\"600\" height=\"600\" src=\"https:\/\/www.goon.fi\/wp-content\/uploads\/2017\/04\/goon-tehtaan-varjosta.jpg\" alt=\"\" class=\"wp-image-60\" srcset=\"https:\/\/www.goon.fi\/wp-content\/uploads\/2017\/04\/goon-tehtaan-varjosta.jpg 600w, https:\/\/www.goon.fi\/wp-content\/uploads\/2017\/04\/goon-tehtaan-varjosta-150x150.jpg 150w, https:\/\/www.goon.fi\/wp-content\/uploads\/2017\/04\/goon-tehtaan-varjosta-300x300.jpg 300w, https:\/\/www.goon.fi\/wp-content\/uploads\/2017\/04\/goon-tehtaan-varjosta-100x100.jpg 100w\" sizes=\"auto, (max-width: 600px) 100vw, 600px\" \/><\/figure>\n\n\n\n<p>CD ja digitaalinen julkaisu<br>Julkaisija: Break A Leg Entertainment, BALE-1010<br>Jakelu: Playground Music Scandinavia<\/p>\n\n\n\n<ol class=\"wp-block-list\"><li>Ekoauto<\/li><li>Hiljainen poika<\/li><li>Tehtaan varjossa<\/li><li>Antaisin vaihdossa vuoden<\/li><li>Telaj\u00e4rvi<\/li><li>Uusi Aamu<\/li><li>Kes\u00e4biisi<\/li><li>Kaksi miest\u00e4<\/li><li>Ei riit\u00e4<\/li><li>Koti<\/li><li>Bar Mary<\/li><li>Hullun huolet<\/li><\/ol>\n\n\n\n<p>\u00c4\u00e4nitys ja miksaus: Teemu Aalto \/ South-East Sounds, Karhula<br>Tuotanto: Teemu Aalto &amp; Goon<br>A&amp;R: Teja Kotilainen<br>Masterointi: Henkka Niemist\u00f6 \/ Chartmakers<\/p>\n\n\n\n<figure class=\"wp-block-embed-youtube wp-block-embed is-type-video is-provider-youtube wp-embed-aspect-16-9 wp-has-aspect-ratio\"><div class=\"wp-block-embed__wrapper\">\nhttps:\/\/www.youtube.com\/playlist?list=PLlBWd7VQy7OKQ4INwruUCJw1wdsQNQ8JH\n<\/div><figcaption>Tehtaan varjosta Youtubessa<\/figcaption><\/figure>\n\n\n\n<figure class=\"wp-block-embed-spotify wp-block-embed is-type-rich is-provider-spotify wp-embed-aspect-9-16 wp-has-aspect-ratio\"><div class=\"wp-block-embed__wrapper\">\n<iframe loading=\"lazy\" title=\"Spotify Embed: Tehtaan Varjosta\" width=\"100%\" height=\"380\" allowtransparency=\"true\" frameborder=\"0\" allow=\"encrypted-media\" src=\"https:\/\/open.spotify.com\/embed\/album\/6k152UkvxUT2ucYBd8GeSa?si=WtZbH3uZS7G4wNcNg3vxlw\"><\/iframe>\n<\/div><figcaption>Tehtaan varjosta Spotifyss\u00e4<\/figcaption><\/figure>\n\n\n\n<p style=\"text-align:right\"><a href=\"https:\/\/www.goon.fi\/?page_id=301\">Takaisin musiikki-sivulle<\/a><\/p>\n","protected":false},"excerpt":{"rendered":"<p>CD ja digitaalinen julkaisuJulkaisija: Break A Leg Entertainment, BALE-1010Jakelu: Playground Music Scandinavia Ekoauto Hiljainen poika Tehtaan varjossa Antaisin vaihdossa vuoden Telaj\u00e4rvi Uusi Aamu Kes\u00e4biisi Kaksi miest\u00e4 Ei riit\u00e4 Koti Bar<a href=\"https:\/\/www.goon.fi\/?page_id=310\" class=\"more-link\"><span class=\"readmore\">Lue lis\u00e4\u00e4<span class=\"screen-reader-text\">Tehtaan varjosta (2009)<\/span><\/span><\/a><\/p>\n","protected":false},"author":1,"featured_media":0,"parent":301,"menu_order":0,"comment_status":"closed","ping_status":"closed","template":"","meta":{"ngg_post_thumbnail":0,"footnotes":""},"class_list":["post-310","page","type-page","status-publish","hentry"],"_links":{"self":[{"href":"https:\/\/www.goon.fi\/index.php?rest_route=\/wp\/v2\/pages\/310","targetHints":{"allow":["GET"]}}],"collection":[{"href":"https:\/\/www.goon.fi\/index.php?rest_route=\/wp\/v2\/pages"}],"about":[{"href":"https:\/\/www.goon.fi\/index.php?rest_route=\/wp\/v2\/types\/page"}],"author":[{"embeddable":true,"href":"https:\/\/www.goon.fi\/index.php?rest_route=\/wp\/v2\/users\/1"}],"replies":[{"embeddable":true,"href":"https:\/\/www.goon.fi\/index.php?rest_route=%2Fwp%2Fv2%2Fcomments&post=310"}],"version-history":[{"count":2,"href":"https:\/\/www.goon.fi\/index.php?rest_route=\/wp\/v2\/pages\/310\/revisions"}],"predecessor-version":[{"id":463,"href":"https:\/\/www.goon.fi\/index.php?rest_route=\/wp\/v2\/pages\/310\/revisions\/463"}],"up":[{"embeddable":true,"href":"https:\/\/www.goon.fi\/index.php?rest_route=\/wp\/v2\/pages\/301"}],"wp:attachment":[{"href":"https:\/\/www.goon.fi\/index.php?rest_route=%2Fwp%2Fv2%2Fmedia&parent=310"}],"curies":[{"name":"wp","href":"https:\/\/api.w.org\/{rel}","templated":true}]}}