{"id":316,"date":"2019-07-27T10:43:36","date_gmt":"2019-07-27T10:43:36","guid":{"rendered":"http:\/\/www.goon.fi\/?page_id=316"},"modified":"2019-08-04T12:06:14","modified_gmt":"2019-08-04T09:06:14","slug":"paikka-taalla-2013","status":"publish","type":"page","link":"https:\/\/www.goon.fi\/?page_id=316","title":{"rendered":"Paikka t\u00e4\u00e4ll\u00e4 (2013)"},"content":{"rendered":"\n<figure class=\"wp-block-image\"><img loading=\"lazy\" decoding=\"async\" width=\"1024\" height=\"1024\" src=\"https:\/\/www.goon.fi\/wp-content\/uploads\/2017\/04\/goon-paikka-tc3a4c3a4llc3a4-1024x1024.jpg\" alt=\"\" class=\"wp-image-59\" srcset=\"https:\/\/www.goon.fi\/wp-content\/uploads\/2017\/04\/goon-paikka-tc3a4c3a4llc3a4-1024x1024.jpg 1024w, https:\/\/www.goon.fi\/wp-content\/uploads\/2017\/04\/goon-paikka-tc3a4c3a4llc3a4-150x150.jpg 150w, https:\/\/www.goon.fi\/wp-content\/uploads\/2017\/04\/goon-paikka-tc3a4c3a4llc3a4-300x300.jpg 300w, https:\/\/www.goon.fi\/wp-content\/uploads\/2017\/04\/goon-paikka-tc3a4c3a4llc3a4-768x768.jpg 768w, https:\/\/www.goon.fi\/wp-content\/uploads\/2017\/04\/goon-paikka-tc3a4c3a4llc3a4-100x100.jpg 100w, https:\/\/www.goon.fi\/wp-content\/uploads\/2017\/04\/goon-paikka-tc3a4c3a4llc3a4.jpg 1280w\" sizes=\"auto, (max-width: 1024px) 100vw, 1024px\" \/><\/figure>\n\n\n\n<p><a href=\"https:\/\/holvi.com\/shop\/korkeakoski\/\">Osta CD t\u00e4st\u00e4<\/a><\/p>\n\n\n\n<p>CD + digijakelu<br>Julkaisija: Karhulan Viihdeteollisuus Oy, KVT-05<br>Jakelu (digi): Samsara Records<\/p>\n\n\n\n<ol class=\"wp-block-list\"><li>Vakain askelin<\/li><li>Kaikist paras biisi<\/li><li>Karibian kuu<\/li><li>Tervetuloo<\/li><li>Paikka t\u00e4\u00e4ll\u00e4<\/li><li>Kes\u00e4n merkkej\u00e4<\/li><li>Ainutlaatust<\/li><li>Laulut<\/li><li>Mit\u00e4 niit\u00e4 mittaamaan<\/li><\/ol>\n\n\n\n<p>Tuotanto, \u00e4\u00e4nitys ja miksaus: Tatu Ljokkoi&nbsp;\/ Studio Oy Korkeakoski, Karhula<br>Masterointi: Brad Boatright&nbsp;\/&nbsp;Audiosiege, Portland, Oregon<\/p>\n\n\n\n<figure class=\"wp-block-embed-youtube wp-block-embed is-type-video is-provider-youtube wp-embed-aspect-16-9 wp-has-aspect-ratio\"><div class=\"wp-block-embed__wrapper\">\n<iframe loading=\"lazy\" title=\"Goon - Paikka t\u00e4\u00e4ll\u00e4\" width=\"990\" height=\"557\" src=\"https:\/\/www.youtube.com\/embed\/videoseries?list=PLew0YkTwnako4j2uT3Q4c2Yr-0-d9bwPK\" frameborder=\"0\" allow=\"accelerometer; autoplay; clipboard-write; encrypted-media; gyroscope; picture-in-picture\" allowfullscreen><\/iframe>\n<\/div><\/figure>\n\n\n\n<figure class=\"wp-block-embed-spotify wp-block-embed is-type-rich is-provider-spotify wp-embed-aspect-9-16 wp-has-aspect-ratio\"><div class=\"wp-block-embed__wrapper\">\n<iframe loading=\"lazy\" title=\"Spotify Embed: Paikka T\u00e4\u00e4ll\u00e4\" width=\"100%\" height=\"380\" allowtransparency=\"true\" frameborder=\"0\" allow=\"encrypted-media\" src=\"https:\/\/open.spotify.com\/embed\/album\/4KtRmxOSXaItvT7o0KBkQI?si=20mOHzA9RFmxs_2cZ_eMdQ\"><\/iframe>\n<\/div><\/figure>\n\n\n\n<p style=\"text-align:right\"><a href=\"https:\/\/www.goon.fi\/?page_id=301\">Takaisin musiikki-sivulle<\/a><\/p>\n","protected":false},"excerpt":{"rendered":"<p>Osta CD t\u00e4st\u00e4 CD + digijakeluJulkaisija: Karhulan Viihdeteollisuus Oy, KVT-05Jakelu (digi): Samsara Records Vakain askelin Kaikist paras biisi Karibian kuu Tervetuloo Paikka t\u00e4\u00e4ll\u00e4 Kes\u00e4n merkkej\u00e4 Ainutlaatust Laulut Mit\u00e4 niit\u00e4 mittaamaan<a href=\"https:\/\/www.goon.fi\/?page_id=316\" class=\"more-link\"><span class=\"readmore\">Lue lis\u00e4\u00e4<span class=\"screen-reader-text\">Paikka t\u00e4\u00e4ll\u00e4 (2013)<\/span><\/span><\/a><\/p>\n","protected":false},"author":1,"featured_media":0,"parent":301,"menu_order":0,"comment_status":"closed","ping_status":"closed","template":"","meta":{"ngg_post_thumbnail":0,"footnotes":""},"class_list":["post-316","page","type-page","status-publish","hentry"],"_links":{"self":[{"href":"https:\/\/www.goon.fi\/index.php?rest_route=\/wp\/v2\/pages\/316","targetHints":{"allow":["GET"]}}],"collection":[{"href":"https:\/\/www.goon.fi\/index.php?rest_route=\/wp\/v2\/pages"}],"about":[{"href":"https:\/\/www.goon.fi\/index.php?rest_route=\/wp\/v2\/types\/page"}],"author":[{"embeddable":true,"href":"https:\/\/www.goon.fi\/index.php?rest_route=\/wp\/v2\/users\/1"}],"replies":[{"embeddable":true,"href":"https:\/\/www.goon.fi\/index.php?rest_route=%2Fwp%2Fv2%2Fcomments&post=316"}],"version-history":[{"count":3,"href":"https:\/\/www.goon.fi\/index.php?rest_route=\/wp\/v2\/pages\/316\/revisions"}],"predecessor-version":[{"id":465,"href":"https:\/\/www.goon.fi\/index.php?rest_route=\/wp\/v2\/pages\/316\/revisions\/465"}],"up":[{"embeddable":true,"href":"https:\/\/www.goon.fi\/index.php?rest_route=\/wp\/v2\/pages\/301"}],"wp:attachment":[{"href":"https:\/\/www.goon.fi\/index.php?rest_route=%2Fwp%2Fv2%2Fmedia&parent=316"}],"curies":[{"name":"wp","href":"https:\/\/api.w.org\/{rel}","templated":true}]}}