{"id":324,"date":"2019-07-27T10:50:57","date_gmt":"2019-07-27T10:50:57","guid":{"rendered":"http:\/\/www.goon.fi\/?page_id=324"},"modified":"2019-08-04T12:06:46","modified_gmt":"2019-08-04T09:06:46","slug":"police-on-duty-from-nine-till-five-2002","status":"publish","type":"page","link":"https:\/\/www.goon.fi\/?page_id=324","title":{"rendered":"Police on Duty from Nine till Five (2002)"},"content":{"rendered":"\n<figure class=\"wp-block-image\"><img loading=\"lazy\" decoding=\"async\" width=\"1022\" height=\"1024\" src=\"https:\/\/www.goon.fi\/wp-content\/uploads\/2019\/07\/image-1-1022x1024.png\" alt=\"\" class=\"wp-image-325\" srcset=\"https:\/\/www.goon.fi\/wp-content\/uploads\/2019\/07\/image-1-1022x1024.png 1022w, https:\/\/www.goon.fi\/wp-content\/uploads\/2019\/07\/image-1-150x150.png 150w, https:\/\/www.goon.fi\/wp-content\/uploads\/2019\/07\/image-1-300x300.png 300w, https:\/\/www.goon.fi\/wp-content\/uploads\/2019\/07\/image-1-768x770.png 768w, https:\/\/www.goon.fi\/wp-content\/uploads\/2019\/07\/image-1.png 1356w\" sizes=\"auto, (max-width: 1022px) 100vw, 1022px\" \/><\/figure>\n\n\n\n<p>\u00c4\u00e4nitettiin treenik\u00e4mp\u00e4ll\u00e4 pari biisi\u00e4 ja tehtiin niist\u00e4 CD-R. Myytiin kahdella eurolla kappale keikoilla ja kavereille.<\/p>\n\n\n\n<ol class=\"wp-block-list\"><li>Nine till Five<\/li><li>If I Had a Girlfriend an She Was a Police Officer She\u2019d Arrest Evil People<\/li><\/ol>\n\n\n\n<p style=\"text-align:right\"><a href=\"https:\/\/www.goon.fi\/?page_id=301\">Takaisin musiikki-sivulle<\/a><\/p>\n","protected":false},"excerpt":{"rendered":"<p>\u00c4\u00e4nitettiin treenik\u00e4mp\u00e4ll\u00e4 pari biisi\u00e4 ja tehtiin niist\u00e4 CD-R. Myytiin kahdella eurolla kappale keikoilla ja kavereille. Nine till Five If I Had a Girlfriend an She Was a Police Officer She\u2019d<a href=\"https:\/\/www.goon.fi\/?page_id=324\" class=\"more-link\"><span class=\"readmore\">Lue lis\u00e4\u00e4<span class=\"screen-reader-text\">Police on Duty from Nine till Five (2002)<\/span><\/span><\/a><\/p>\n","protected":false},"author":1,"featured_media":0,"parent":301,"menu_order":0,"comment_status":"closed","ping_status":"closed","template":"","meta":{"ngg_post_thumbnail":0,"footnotes":""},"class_list":["post-324","page","type-page","status-publish","hentry"],"_links":{"self":[{"href":"https:\/\/www.goon.fi\/index.php?rest_route=\/wp\/v2\/pages\/324","targetHints":{"allow":["GET"]}}],"collection":[{"href":"https:\/\/www.goon.fi\/index.php?rest_route=\/wp\/v2\/pages"}],"about":[{"href":"https:\/\/www.goon.fi\/index.php?rest_route=\/wp\/v2\/types\/page"}],"author":[{"embeddable":true,"href":"https:\/\/www.goon.fi\/index.php?rest_route=\/wp\/v2\/users\/1"}],"replies":[{"embeddable":true,"href":"https:\/\/www.goon.fi\/index.php?rest_route=%2Fwp%2Fv2%2Fcomments&post=324"}],"version-history":[{"count":2,"href":"https:\/\/www.goon.fi\/index.php?rest_route=\/wp\/v2\/pages\/324\/revisions"}],"predecessor-version":[{"id":467,"href":"https:\/\/www.goon.fi\/index.php?rest_route=\/wp\/v2\/pages\/324\/revisions\/467"}],"up":[{"embeddable":true,"href":"https:\/\/www.goon.fi\/index.php?rest_route=\/wp\/v2\/pages\/301"}],"wp:attachment":[{"href":"https:\/\/www.goon.fi\/index.php?rest_route=%2Fwp%2Fv2%2Fmedia&parent=324"}],"curies":[{"name":"wp","href":"https:\/\/api.w.org\/{rel}","templated":true}]}}