{"id":332,"date":"2019-07-27T10:58:53","date_gmt":"2019-07-27T10:58:53","guid":{"rendered":"http:\/\/www.goon.fi\/?page_id=332"},"modified":"2019-08-04T12:09:04","modified_gmt":"2019-08-04T09:09:04","slug":"vaaralla-puolella-2003","status":"publish","type":"page","link":"https:\/\/www.goon.fi\/?page_id=332","title":{"rendered":"V\u00e4\u00e4r\u00e4ll\u00e4 puolella (2003)"},"content":{"rendered":"\n<figure class=\"wp-block-image\"><img loading=\"lazy\" decoding=\"async\" width=\"1019\" height=\"1024\" src=\"https:\/\/www.goon.fi\/wp-content\/uploads\/2019\/07\/image-2-1019x1024.png\" alt=\"\" class=\"wp-image-333\" srcset=\"https:\/\/www.goon.fi\/wp-content\/uploads\/2019\/07\/image-2-1019x1024.png 1019w, https:\/\/www.goon.fi\/wp-content\/uploads\/2019\/07\/image-2-150x150.png 150w, https:\/\/www.goon.fi\/wp-content\/uploads\/2019\/07\/image-2-300x300.png 300w, https:\/\/www.goon.fi\/wp-content\/uploads\/2019\/07\/image-2-768x771.png 768w, https:\/\/www.goon.fi\/wp-content\/uploads\/2019\/07\/image-2.png 1982w\" sizes=\"auto, (max-width: 1019px) 100vw, 1019px\" \/><\/figure>\n\n\n\n<p>Ensimm\u00e4ist\u00e4 kertaa oikeassa studiossa. Teemu Aalto \u00e4\u00e4nitti levyn alkup\u00e4\u00e4n raidat Woodbine Garden studioilla Pyht\u00e4\u00e4ll\u00e4. Levy sis\u00e4lsi my\u00f6s aiemman Kaikki huutaa -levyn raidat ja sit\u00e4 myytiin omakustanteena.<\/p>\n\n\n\n<ol class=\"wp-block-list\"><li>Sis\u00e4\u00e4ntulo<\/li><li>Kingston<\/li><li>Tuska<\/li><li>V\u00e4\u00e4r\u00e4ll\u00e4 puolella<\/li><li>Kaikki huutaa<\/li><li>Tuska<\/li><\/ol>\n\n\n\n<figure class=\"wp-block-embed-spotify wp-block-embed is-type-rich is-provider-spotify wp-embed-aspect-9-16 wp-has-aspect-ratio\"><div class=\"wp-block-embed__wrapper\">\n<iframe loading=\"lazy\" title=\"Spotify Embed: Kaikki Huutaa\" width=\"100%\" height=\"380\" allowtransparency=\"true\" frameborder=\"0\" allow=\"encrypted-media\" src=\"https:\/\/open.spotify.com\/embed\/album\/56migHLKXhSqhaNZxxS0fW?si=oXzDP_3SRDCVSOyK6abeXQ\"><\/iframe>\n<\/div><figcaption>Kaikki huutaa Spotifyss\u00e4<\/figcaption><\/figure>\n\n\n\n<figure class=\"wp-block-embed-youtube wp-block-embed is-type-video is-provider-youtube wp-embed-aspect-16-9 wp-has-aspect-ratio\"><div class=\"wp-block-embed__wrapper\">\n<iframe loading=\"lazy\" title=\"Kaikki Huutaa\" width=\"990\" height=\"743\" src=\"https:\/\/www.youtube.com\/embed\/hkQg2OWcZHk?feature=oembed\" frameborder=\"0\" allow=\"accelerometer; autoplay; clipboard-write; encrypted-media; gyroscope; picture-in-picture\" allowfullscreen><\/iframe>\n<\/div><figcaption>Kaikki huutaa Youtubessa<\/figcaption><\/figure>\n\n\n\n<p style=\"text-align:right\"><a href=\"https:\/\/www.goon.fi\/?page_id=301\">Takaisin musiikki-sivulle<\/a><\/p>\n","protected":false},"excerpt":{"rendered":"<p>Ensimm\u00e4ist\u00e4 kertaa oikeassa studiossa. Teemu Aalto \u00e4\u00e4nitti levyn alkup\u00e4\u00e4n raidat Woodbine Garden studioilla Pyht\u00e4\u00e4ll\u00e4. Levy sis\u00e4lsi my\u00f6s aiemman Kaikki huutaa -levyn raidat ja sit\u00e4 myytiin omakustanteena. Sis\u00e4\u00e4ntulo Kingston Tuska V\u00e4\u00e4r\u00e4ll\u00e4<a href=\"https:\/\/www.goon.fi\/?page_id=332\" class=\"more-link\"><span class=\"readmore\">Lue lis\u00e4\u00e4<span class=\"screen-reader-text\">V\u00e4\u00e4r\u00e4ll\u00e4 puolella (2003)<\/span><\/span><\/a><\/p>\n","protected":false},"author":1,"featured_media":0,"parent":301,"menu_order":0,"comment_status":"closed","ping_status":"closed","template":"","meta":{"ngg_post_thumbnail":0,"footnotes":""},"class_list":["post-332","page","type-page","status-publish","hentry"],"_links":{"self":[{"href":"https:\/\/www.goon.fi\/index.php?rest_route=\/wp\/v2\/pages\/332","targetHints":{"allow":["GET"]}}],"collection":[{"href":"https:\/\/www.goon.fi\/index.php?rest_route=\/wp\/v2\/pages"}],"about":[{"href":"https:\/\/www.goon.fi\/index.php?rest_route=\/wp\/v2\/types\/page"}],"author":[{"embeddable":true,"href":"https:\/\/www.goon.fi\/index.php?rest_route=\/wp\/v2\/users\/1"}],"replies":[{"embeddable":true,"href":"https:\/\/www.goon.fi\/index.php?rest_route=%2Fwp%2Fv2%2Fcomments&post=332"}],"version-history":[{"count":3,"href":"https:\/\/www.goon.fi\/index.php?rest_route=\/wp\/v2\/pages\/332\/revisions"}],"predecessor-version":[{"id":470,"href":"https:\/\/www.goon.fi\/index.php?rest_route=\/wp\/v2\/pages\/332\/revisions\/470"}],"up":[{"embeddable":true,"href":"https:\/\/www.goon.fi\/index.php?rest_route=\/wp\/v2\/pages\/301"}],"wp:attachment":[{"href":"https:\/\/www.goon.fi\/index.php?rest_route=%2Fwp%2Fv2%2Fmedia&parent=332"}],"curies":[{"name":"wp","href":"https:\/\/api.w.org\/{rel}","templated":true}]}}