{"id":339,"date":"2019-07-27T11:06:14","date_gmt":"2019-07-27T11:06:14","guid":{"rendered":"http:\/\/www.goon.fi\/?page_id=339"},"modified":"2019-07-27T11:06:33","modified_gmt":"2019-07-27T11:06:33","slug":"hanna-2003","status":"publish","type":"page","link":"https:\/\/www.goon.fi\/?page_id=339","title":{"rendered":"Hanna (2003)"},"content":{"rendered":"\n<figure class=\"wp-block-image\"><img loading=\"lazy\" decoding=\"async\" width=\"991\" height=\"1000\" src=\"https:\/\/www.goon.fi\/wp-content\/uploads\/2019\/07\/image-3.png\" alt=\"\" class=\"wp-image-340\" srcset=\"https:\/\/www.goon.fi\/wp-content\/uploads\/2019\/07\/image-3.png 991w, https:\/\/www.goon.fi\/wp-content\/uploads\/2019\/07\/image-3-150x150.png 150w, https:\/\/www.goon.fi\/wp-content\/uploads\/2019\/07\/image-3-297x300.png 297w, https:\/\/www.goon.fi\/wp-content\/uploads\/2019\/07\/image-3-768x775.png 768w\" sizes=\"auto, (max-width: 991px) 100vw, 991px\" \/><\/figure>\n\n\n\n<p>Levyn \u00e4\u00e4nitti Teemu Aalto Pyht\u00e4\u00e4n Woodbine Garden studioilla. Julkaistiin CD-R omakustanteena ja myytiin keikoilla.<\/p>\n\n\n\n<p>Digitaalinen uudelleenjulkaisu vuonna 2019.<\/p>\n\n\n\n<ol class=\"wp-block-list\"><li>Hanna<\/li><li>Niin kuin ennenkin<\/li><\/ol>\n\n\n\n<figure class=\"wp-block-embed-youtube wp-block-embed is-type-video is-provider-youtube wp-embed-aspect-16-9 wp-has-aspect-ratio\"><div class=\"wp-block-embed__wrapper\">\n<iframe loading=\"lazy\" title=\"Goon - Hanna\" width=\"990\" height=\"557\" src=\"https:\/\/www.youtube.com\/embed\/videoseries?list=PLew0YkTwnakrdYOHpaNfL4z45Mj2mVWnv\" frameborder=\"0\" allow=\"accelerometer; autoplay; clipboard-write; encrypted-media; gyroscope; picture-in-picture\" allowfullscreen><\/iframe>\n<\/div><figcaption>Hanna Youtubessa<\/figcaption><\/figure>\n\n\n\n<figure class=\"wp-block-embed-spotify wp-block-embed is-type-rich is-provider-spotify wp-embed-aspect-9-16 wp-has-aspect-ratio\"><div class=\"wp-block-embed__wrapper\">\n<iframe loading=\"lazy\" title=\"Spotify Embed: Hanna\" width=\"100%\" height=\"380\" allowtransparency=\"true\" frameborder=\"0\" allow=\"encrypted-media\" src=\"https:\/\/open.spotify.com\/embed\/album\/3t1CqJwZ5373LJjxlWBi31?si=B3u21gO9SRag6w6nNUHZXw\"><\/iframe>\n<\/div><figcaption>Hanna Spotifyss\u00e4<\/figcaption><\/figure>\n","protected":false},"excerpt":{"rendered":"<p>Levyn \u00e4\u00e4nitti Teemu Aalto Pyht\u00e4\u00e4n Woodbine Garden studioilla. Julkaistiin CD-R omakustanteena ja myytiin keikoilla. Digitaalinen uudelleenjulkaisu vuonna 2019. Hanna Niin kuin ennenkin<\/p>\n","protected":false},"author":1,"featured_media":0,"parent":301,"menu_order":0,"comment_status":"closed","ping_status":"closed","template":"","meta":{"ngg_post_thumbnail":0,"footnotes":""},"class_list":["post-339","page","type-page","status-publish","hentry"],"_links":{"self":[{"href":"https:\/\/www.goon.fi\/index.php?rest_route=\/wp\/v2\/pages\/339","targetHints":{"allow":["GET"]}}],"collection":[{"href":"https:\/\/www.goon.fi\/index.php?rest_route=\/wp\/v2\/pages"}],"about":[{"href":"https:\/\/www.goon.fi\/index.php?rest_route=\/wp\/v2\/types\/page"}],"author":[{"embeddable":true,"href":"https:\/\/www.goon.fi\/index.php?rest_route=\/wp\/v2\/users\/1"}],"replies":[{"embeddable":true,"href":"https:\/\/www.goon.fi\/index.php?rest_route=%2Fwp%2Fv2%2Fcomments&post=339"}],"version-history":[{"count":1,"href":"https:\/\/www.goon.fi\/index.php?rest_route=\/wp\/v2\/pages\/339\/revisions"}],"predecessor-version":[{"id":341,"href":"https:\/\/www.goon.fi\/index.php?rest_route=\/wp\/v2\/pages\/339\/revisions\/341"}],"up":[{"embeddable":true,"href":"https:\/\/www.goon.fi\/index.php?rest_route=\/wp\/v2\/pages\/301"}],"wp:attachment":[{"href":"https:\/\/www.goon.fi\/index.php?rest_route=%2Fwp%2Fv2%2Fmedia&parent=339"}],"curies":[{"name":"wp","href":"https:\/\/api.w.org\/{rel}","templated":true}]}}