{"id":365,"date":"2019-07-27T11:48:18","date_gmt":"2019-07-27T11:48:18","guid":{"rendered":"http:\/\/www.goon.fi\/?page_id=365"},"modified":"2019-08-04T12:12:07","modified_gmt":"2019-08-04T09:12:07","slug":"kuka-valittaisi-feat-asa-2010","status":"publish","type":"page","link":"https:\/\/www.goon.fi\/?page_id=365","title":{"rendered":"Kuka v\u00e4litt\u00e4isi feat. Asa (2010)"},"content":{"rendered":"\n<figure class=\"wp-block-image\"><img loading=\"lazy\" decoding=\"async\" width=\"1024\" height=\"1024\" src=\"https:\/\/www.goon.fi\/wp-content\/uploads\/2019\/07\/image-9-1024x1024.png\" alt=\"\" class=\"wp-image-366\" srcset=\"https:\/\/www.goon.fi\/wp-content\/uploads\/2019\/07\/image-9-1024x1024.png 1024w, https:\/\/www.goon.fi\/wp-content\/uploads\/2019\/07\/image-9-150x150.png 150w, https:\/\/www.goon.fi\/wp-content\/uploads\/2019\/07\/image-9-300x300.png 300w, https:\/\/www.goon.fi\/wp-content\/uploads\/2019\/07\/image-9-768x768.png 768w, https:\/\/www.goon.fi\/wp-content\/uploads\/2019\/07\/image-9.png 1417w\" sizes=\"auto, (max-width: 1024px) 100vw, 1024px\" \/><\/figure>\n\n\n\n<p>Promo-CDS<br>Julkaisija: Music Mall AB<br>MM-1117<\/p>\n\n\n\n<ol class=\"wp-block-list\"><li>Kuka v\u00e4litt\u00e4isi feat. Asa<\/li><\/ol>\n\n\n\n<figure class=\"wp-block-embed-youtube wp-block-embed is-type-video is-provider-youtube wp-embed-aspect-16-9 wp-has-aspect-ratio\"><div class=\"wp-block-embed__wrapper\">\n<iframe loading=\"lazy\" title=\"Kuka v\u00e4litt\u00e4isi\" width=\"990\" height=\"743\" src=\"https:\/\/www.youtube.com\/embed\/7Zezyi-JkyQ?feature=oembed\" frameborder=\"0\" allow=\"accelerometer; autoplay; clipboard-write; encrypted-media; gyroscope; picture-in-picture\" allowfullscreen><\/iframe>\n<\/div><figcaption>Kuka v\u00e4litt\u00e4isi feat. Asa Youtubessa<\/figcaption><\/figure>\n\n\n\n<figure class=\"wp-block-embed-spotify wp-block-embed is-type-rich is-provider-spotify wp-embed-aspect-9-16 wp-has-aspect-ratio\"><div class=\"wp-block-embed__wrapper\">\n<iframe loading=\"lazy\" title=\"Spotify Embed: Kuka v\u00e4litt\u00e4isi\" width=\"100%\" height=\"380\" allowtransparency=\"true\" frameborder=\"0\" allow=\"encrypted-media\" src=\"https:\/\/open.spotify.com\/embed\/track\/1CqJXYenITBGMnLT9FVeVt?si=JFDbvrSQQy-2397naG7_Uw\"><\/iframe>\n<\/div><figcaption>Kuka v\u00e4litt\u00e4isi feat. Asa Spotifyss\u00e4<\/figcaption><\/figure>\n\n\n\n<p style=\"text-align:right\"><a href=\"https:\/\/www.goon.fi\/?page_id=301\">Takaisin musiikki-sivulle<\/a><\/p>\n","protected":false},"excerpt":{"rendered":"<p>Promo-CDSJulkaisija: Music Mall ABMM-1117 Kuka v\u00e4litt\u00e4isi feat. Asa Takaisin musiikki-sivulle<\/p>\n","protected":false},"author":1,"featured_media":0,"parent":301,"menu_order":0,"comment_status":"closed","ping_status":"closed","template":"","meta":{"ngg_post_thumbnail":0,"footnotes":""},"class_list":["post-365","page","type-page","status-publish","hentry"],"_links":{"self":[{"href":"https:\/\/www.goon.fi\/index.php?rest_route=\/wp\/v2\/pages\/365","targetHints":{"allow":["GET"]}}],"collection":[{"href":"https:\/\/www.goon.fi\/index.php?rest_route=\/wp\/v2\/pages"}],"about":[{"href":"https:\/\/www.goon.fi\/index.php?rest_route=\/wp\/v2\/types\/page"}],"author":[{"embeddable":true,"href":"https:\/\/www.goon.fi\/index.php?rest_route=\/wp\/v2\/users\/1"}],"replies":[{"embeddable":true,"href":"https:\/\/www.goon.fi\/index.php?rest_route=%2Fwp%2Fv2%2Fcomments&post=365"}],"version-history":[{"count":2,"href":"https:\/\/www.goon.fi\/index.php?rest_route=\/wp\/v2\/pages\/365\/revisions"}],"predecessor-version":[{"id":477,"href":"https:\/\/www.goon.fi\/index.php?rest_route=\/wp\/v2\/pages\/365\/revisions\/477"}],"up":[{"embeddable":true,"href":"https:\/\/www.goon.fi\/index.php?rest_route=\/wp\/v2\/pages\/301"}],"wp:attachment":[{"href":"https:\/\/www.goon.fi\/index.php?rest_route=%2Fwp%2Fv2%2Fmedia&parent=365"}],"curies":[{"name":"wp","href":"https:\/\/api.w.org\/{rel}","templated":true}]}}