{"id":369,"date":"2019-07-27T11:59:25","date_gmt":"2019-07-27T11:59:25","guid":{"rendered":"http:\/\/www.goon.fi\/?page_id=369"},"modified":"2019-08-04T12:12:31","modified_gmt":"2019-08-04T09:12:31","slug":"pysytaan-taalla-2011","status":"publish","type":"page","link":"https:\/\/www.goon.fi\/?page_id=369","title":{"rendered":"Pysyt\u00e4\u00e4n t\u00e4\u00e4ll\u00e4 (2011)"},"content":{"rendered":"\n<figure class=\"wp-block-image\"><img loading=\"lazy\" decoding=\"async\" width=\"1018\" height=\"1024\" src=\"https:\/\/www.goon.fi\/wp-content\/uploads\/2019\/07\/image-10-1018x1024.png\" alt=\"\" class=\"wp-image-370\" srcset=\"https:\/\/www.goon.fi\/wp-content\/uploads\/2019\/07\/image-10-1018x1024.png 1018w, https:\/\/www.goon.fi\/wp-content\/uploads\/2019\/07\/image-10-150x150.png 150w, https:\/\/www.goon.fi\/wp-content\/uploads\/2019\/07\/image-10-298x300.png 298w, https:\/\/www.goon.fi\/wp-content\/uploads\/2019\/07\/image-10-768x772.png 768w, https:\/\/www.goon.fi\/wp-content\/uploads\/2019\/07\/image-10.png 1463w\" sizes=\"auto, (max-width: 1018px) 100vw, 1018px\" \/><\/figure>\n\n\n\n<p>Promo-CDS<br>Julkaisija: Karhulan Viihdeteollisuus Oy<br>KVT-01<\/p>\n\n\n\n<p>Digitaalinen uudelleenjulkaisu 2019<\/p>\n\n\n\n<ol class=\"wp-block-list\"><li>Pysyt\u00e4\u00e4n t\u00e4\u00e4ll\u00e4<\/li><\/ol>\n\n\n\n<p>Kappaleen nauhoitti Tatu Ljokkoi \/ Karhulan Viihdeteollisuus Oy<br>Kappaleen miksasi Teemu Aalto \/ Teemu Aalto Music Productions<\/p>\n\n\n\n<figure class=\"wp-block-embed-youtube wp-block-embed is-type-video is-provider-youtube wp-embed-aspect-16-9 wp-has-aspect-ratio\"><div class=\"wp-block-embed__wrapper\">\n<iframe loading=\"lazy\" title=\"GOON - PYSYT\u00c4\u00c4N T\u00c4\u00c4LL\u00c4 (promovideo)\" width=\"990\" height=\"743\" src=\"https:\/\/www.youtube.com\/embed\/jwnkyJBk37A?feature=oembed\" frameborder=\"0\" allow=\"accelerometer; autoplay; clipboard-write; encrypted-media; gyroscope; picture-in-picture\" allowfullscreen><\/iframe>\n<\/div><figcaption>Pysyt\u00e4\u00e4n t\u00e4\u00e4ll\u00e4 -musiikkivideo<\/figcaption><\/figure>\n\n\n\n<figure class=\"wp-block-embed-spotify wp-block-embed is-type-rich is-provider-spotify wp-embed-aspect-9-16 wp-has-aspect-ratio\"><div class=\"wp-block-embed__wrapper\">\n<iframe loading=\"lazy\" title=\"Spotify Embed: Pysyt\u00e4\u00e4n t\u00e4\u00e4ll\u00e4\" width=\"100%\" height=\"380\" allowtransparency=\"true\" frameborder=\"0\" allow=\"encrypted-media\" src=\"https:\/\/open.spotify.com\/embed\/album\/2KBBQ6Ut5BPn4WeacPCLvm?si=0B9grRHyTRqtpBQcTtLvFA\"><\/iframe>\n<\/div><figcaption>Pysyt\u00e4\u00e4n t\u00e4\u00e4ll\u00e4 Spotifyss\u00e4<\/figcaption><\/figure>\n\n\n\n<p style=\"text-align:right\"><a href=\"https:\/\/www.goon.fi\/?page_id=301\">Takaisin musiikki-sivulle<\/a><\/p>\n","protected":false},"excerpt":{"rendered":"<p>Promo-CDSJulkaisija: Karhulan Viihdeteollisuus OyKVT-01 Digitaalinen uudelleenjulkaisu 2019 Pysyt\u00e4\u00e4n t\u00e4\u00e4ll\u00e4 Kappaleen nauhoitti Tatu Ljokkoi \/ Karhulan Viihdeteollisuus OyKappaleen miksasi Teemu Aalto \/ Teemu Aalto Music Productions Takaisin musiikki-sivulle<\/p>\n","protected":false},"author":1,"featured_media":0,"parent":301,"menu_order":0,"comment_status":"closed","ping_status":"closed","template":"","meta":{"ngg_post_thumbnail":0,"footnotes":""},"class_list":["post-369","page","type-page","status-publish","hentry"],"_links":{"self":[{"href":"https:\/\/www.goon.fi\/index.php?rest_route=\/wp\/v2\/pages\/369","targetHints":{"allow":["GET"]}}],"collection":[{"href":"https:\/\/www.goon.fi\/index.php?rest_route=\/wp\/v2\/pages"}],"about":[{"href":"https:\/\/www.goon.fi\/index.php?rest_route=\/wp\/v2\/types\/page"}],"author":[{"embeddable":true,"href":"https:\/\/www.goon.fi\/index.php?rest_route=\/wp\/v2\/users\/1"}],"replies":[{"embeddable":true,"href":"https:\/\/www.goon.fi\/index.php?rest_route=%2Fwp%2Fv2%2Fcomments&post=369"}],"version-history":[{"count":2,"href":"https:\/\/www.goon.fi\/index.php?rest_route=\/wp\/v2\/pages\/369\/revisions"}],"predecessor-version":[{"id":478,"href":"https:\/\/www.goon.fi\/index.php?rest_route=\/wp\/v2\/pages\/369\/revisions\/478"}],"up":[{"embeddable":true,"href":"https:\/\/www.goon.fi\/index.php?rest_route=\/wp\/v2\/pages\/301"}],"wp:attachment":[{"href":"https:\/\/www.goon.fi\/index.php?rest_route=%2Fwp%2Fv2%2Fmedia&parent=369"}],"curies":[{"name":"wp","href":"https:\/\/api.w.org\/{rel}","templated":true}]}}