{"id":376,"date":"2019-07-27T12:08:20","date_gmt":"2019-07-27T12:08:20","guid":{"rendered":"http:\/\/www.goon.fi\/?page_id=376"},"modified":"2019-08-04T12:13:50","modified_gmt":"2019-08-04T09:13:50","slug":"kymmenen-vuotta-jotaa-omituista-rytmimusiikkii-2011","status":"publish","type":"page","link":"https:\/\/www.goon.fi\/?page_id=376","title":{"rendered":"Kymmenen vuotta jotaa omituista rytmimusiikkii (2011)"},"content":{"rendered":"\n<figure class=\"wp-block-image\"><img loading=\"lazy\" decoding=\"async\" width=\"390\" height=\"347\" src=\"https:\/\/www.goon.fi\/wp-content\/uploads\/2019\/07\/image-12.png\" alt=\"\" class=\"wp-image-378\" srcset=\"https:\/\/www.goon.fi\/wp-content\/uploads\/2019\/07\/image-12.png 390w, https:\/\/www.goon.fi\/wp-content\/uploads\/2019\/07\/image-12-300x267.png 300w\" sizes=\"auto, (max-width: 390px) 100vw, 390px\" \/><\/figure>\n\n\n\n<p><a href=\"https:\/\/holvi.com\/shop\/korkeakoski\/\">Osta boksi t\u00e4st\u00e4<\/a><\/p>\n\n\n\n<p>CD + DVD -boksi<br>Julkaisija: Karhulan Viihdeteollisuus Oy<br>KVT-02<\/p>\n\n\n\n<h2 class=\"wp-block-heading\"><strong>CD: Omakustanteet 2001 \u2013 2006<\/strong><\/h2>\n\n\n\n<p>Masterointi: Teemu Aalto<\/p>\n\n\n\n<ol class=\"wp-block-list\"><li>Skaville<\/li><li>Chain<\/li><li>Urban Lovestory<\/li><li>Failure<\/li><li>Growing<\/li><li>Zoot&nbsp;Suit Man<\/li><li>Nine till Five\u2019<\/li><li>If I Had a Girlfriend and She Was a Police Officer She\u2019d Arrest Evil People<\/li><li>Kaikki Huutaa<\/li><li>Tuska<\/li><li>Kingston<\/li><li>V\u00e4\u00e4r\u00e4ll\u00e4 puolella<\/li><li>Hanna<\/li><li>Niin kuin ennenkin<\/li><li>Jauhokoisa<\/li><li>Tuu meid\u00e4n mukaan<\/li><li>Tyhm\u00e4 ihminen<\/li><li>Postiry\u00f6st\u00f6<\/li><li>Ska-raita<\/li><li>Kuistilla<\/li><li>Katkera, ylpe\u00e4 ja kateellinen<\/li><li>Karhula<\/li><\/ol>\n\n\n\n<h2 class=\"wp-block-heading\"><strong>DVD: Kuvaa ja \u00e4\u00e4nt\u00e4<\/strong><\/h2>\n\n\n\n<p><strong>Dokumenttielokuva Liekki: 45 minuuttinen dokumentti Goonista<\/strong><br>K\u00e4sikirjoitus, ohjaus, kuvaus ja leikkaus: Jussi Rautaniemi<br>Kuvaus: Jukka-Pekka Bohm<br>\u00c4\u00e4nisuunnittelu: Karri Niinivaara<\/p>\n\n\n\n<p><strong>El\u00e4v\u00e4n\u00e4 Helsingin Semifinalissa 29.4.2011<br><\/strong>Livemiksaus: Ville Aalto<br>\u00c4\u00e4nitys: Sami Juutinen<br>Valaistus: Tapio Wilska<br>\u00c4\u00e4nen j\u00e4lkituotanto ja masterointi: Teemu Aalto<br>Leikkaus: Jukka- Pekka Bohm<br>Kuvaus: Jussi Rautaniemi, Jukka-Pekka Bohm, Matti Rautaniemi, Anssi Lautj\u00e4rvi ja Arto Tommiska<\/p>\n\n\n\n<ol class=\"wp-block-list\"><li>Ekoauto<\/li><li>Kuka v\u00e4litt\u00e4isi<\/li><li>Taas sen t\u00e4ytyy muuttuu<\/li><li>Hiljainen poika<\/li><li>Jauhokoisa<\/li><li>Antaisin vaihdossa vuoden<\/li><li>Tytt\u00f6kulta<\/li><li>Kaiken ei tarvitse<\/li><li>P\u00f6lh\u00f6vaaran pojat<\/li><li>Tehtaan varjossa<\/li><li>Raskaat huokaukset<\/li><li>Liekki<\/li><li>Kaksi miest\u00e4<\/li><li>Hullun huolet<\/li><li>Ska-raita<\/li><\/ol>\n\n\n\n<p><strong>Musiikkivideot<br><\/strong>Tuotanto: Jussi Rautaniemi paitsi Raskaat huokaukset Elias Sj\u00f6blom<\/p>\n\n\n\n<ol class=\"wp-block-list\"><li>Kingston<\/li><li>Jauhokoisa<\/li><li>Tyhm\u00e4 ihminen<\/li><li>Taas sen t\u00e4ytyy muuttuu<\/li><li>Kes\u00e4biisi<\/li><li>Raskaat huokaukset<\/li><li>Pysyt\u00e4\u00e4n t\u00e4\u00e4ll\u00e4<\/li><\/ol>\n\n\n\n<p style=\"text-align:right\"><a href=\"https:\/\/www.goon.fi\/?page_id=301\">Takaisin musiikki-sivulle<\/a><\/p>\n","protected":false},"excerpt":{"rendered":"<p>Osta boksi t\u00e4st\u00e4 CD + DVD -boksiJulkaisija: Karhulan Viihdeteollisuus OyKVT-02 CD: Omakustanteet 2001 \u2013 2006 Masterointi: Teemu Aalto Skaville Chain Urban Lovestory Failure Growing Zoot&nbsp;Suit Man Nine till Five\u2019 If<a href=\"https:\/\/www.goon.fi\/?page_id=376\" class=\"more-link\"><span class=\"readmore\">Lue lis\u00e4\u00e4<span class=\"screen-reader-text\">Kymmenen vuotta jotaa omituista rytmimusiikkii (2011)<\/span><\/span><\/a><\/p>\n","protected":false},"author":1,"featured_media":0,"parent":301,"menu_order":0,"comment_status":"closed","ping_status":"closed","template":"","meta":{"ngg_post_thumbnail":0,"footnotes":""},"class_list":["post-376","page","type-page","status-publish","hentry"],"_links":{"self":[{"href":"https:\/\/www.goon.fi\/index.php?rest_route=\/wp\/v2\/pages\/376","targetHints":{"allow":["GET"]}}],"collection":[{"href":"https:\/\/www.goon.fi\/index.php?rest_route=\/wp\/v2\/pages"}],"about":[{"href":"https:\/\/www.goon.fi\/index.php?rest_route=\/wp\/v2\/types\/page"}],"author":[{"embeddable":true,"href":"https:\/\/www.goon.fi\/index.php?rest_route=\/wp\/v2\/users\/1"}],"replies":[{"embeddable":true,"href":"https:\/\/www.goon.fi\/index.php?rest_route=%2Fwp%2Fv2%2Fcomments&post=376"}],"version-history":[{"count":3,"href":"https:\/\/www.goon.fi\/index.php?rest_route=\/wp\/v2\/pages\/376\/revisions"}],"predecessor-version":[{"id":482,"href":"https:\/\/www.goon.fi\/index.php?rest_route=\/wp\/v2\/pages\/376\/revisions\/482"}],"up":[{"embeddable":true,"href":"https:\/\/www.goon.fi\/index.php?rest_route=\/wp\/v2\/pages\/301"}],"wp:attachment":[{"href":"https:\/\/www.goon.fi\/index.php?rest_route=%2Fwp%2Fv2%2Fmedia&parent=376"}],"curies":[{"name":"wp","href":"https:\/\/api.w.org\/{rel}","templated":true}]}}