{"id":41,"date":"2017-04-14T15:05:43","date_gmt":"2017-04-14T12:05:43","guid":{"rendered":"https:\/\/goonkarhula.wordpress.com\/?page_id=41"},"modified":"2021-10-03T15:16:01","modified_gmt":"2021-10-03T12:16:01","slug":"keikat","status":"publish","type":"page","link":"https:\/\/www.goon.fi\/?page_id=41","title":{"rendered":"Keikat"},"content":{"rendered":"\n<p>Goon tekee loppuvuodesta 2021 muutaman valikoidun keikan jonka j\u00e4lkeen b\u00e4ndi j\u00e4\u00e4 uudelleen m\u00e4\u00e4rittelem\u00e4tt\u00f6m\u00e4n mittaiselle keikkatauolle. Mik\u00e4li haluat n\u00e4hd\u00e4 b\u00e4ndin liven\u00e4, nyt siihen on ainutlaatuinen mahdollisuus!<\/p>\n\n\n\n<h2 class=\"wp-block-heading\">2021<\/h2>\n\n\n\n<p>19.11.2021 Helsinki &#8211; Bar Loose &#8211;  <a href=\"https:\/\/www.tiketti.fi\/goon-bar-loose-helsinki-lippuja\/77217\">Osta lippu t\u00e4st\u00e4<\/a> &#8211; <a href=\"https:\/\/www.facebook.com\/events\/1170724923405422\" data-type=\"URL\" data-id=\"https:\/\/www.facebook.com\/events\/1170724923405422\">Tapahtuma Facebookissa<\/a> <br>20.11.2021 Helsinki &#8211; Bar Loose &#8211; <a href=\"https:\/\/www.tiketti.fi\/tapahtumat#q=loose\" data-type=\"URL\" data-id=\"https:\/\/www.tiketti.fi\/tapahtumat#q=loose\">Osta lippu t\u00e4st\u00e4<\/a> &#8211; <a href=\"https:\/\/www.facebook.com\/events\/1170724923405422\" data-type=\"URL\" data-id=\"https:\/\/www.facebook.com\/events\/1170724923405422\">Tapahtuma Facebookissa<\/a><br>27.11.2021 Karhula &#8211; Sam&#8217;s Pub &#8211; <a href=\"https:\/\/www.facebook.com\/events\/1210535916101342\">Tapahtuma Facebookissa<\/a><\/p>\n\n\n<h1>Menneet keikat<\/h1>\n<p>Olitko sin\u00e4 siell\u00e4? Goonin keikat kautta aikain. Lista pit\u00e4isi olla l\u00e4hes t\u00e4ydellinen, mutta voi olla ett\u00e4 joku on j\u00e4\u00e4nyt unholaan.<\/p>\n<h3><strong>2001<\/strong><\/h3>\n<p>7.12. Kotka &#8211; Nuokkari<br>18.12. Karhula &#8211; Kyminsuu<\/p>\n<h3><strong>2002<\/strong><\/h3>\n<p>15.3. Joensuu &#8211; Joyfulbeat Cafe<br>30.3. Kotka &#8211; J\u00e4rjest\u00f6talo<br>10.5. Kotka &#8211; Nelosteatteri<br>15.6. Kotka &#8211; Ravintolalaiva Rellu<br>6.7. Karhula &#8211; Green House<br>20.7. Janakkala &#8211; Lepp\u00e4kosken Rytmi<br>27.7. Kotka &#8211; Kotkan Merip\u00e4iv\u00e4t<br>7.9. Tampere &#8211; Klubi<br>1.11. Kotka &#8211; Nuokkari<\/p>\n<h3><strong>2003<\/strong><\/h3>\n<p>14.2. Karhula &#8211; Karhulan Ty\u00f6v\u00e4entalo<br>22.3. Anjalankoski &#8211; Nuori Kulttuuri<br>28.3. Taavetti &#8211; Joukola<br>30.4. Karhula &#8211; Karhulan Koulu<br>10.5. Kotka &#8211; Ravintola Hein\u00e4hattu<br>17.5. Lapua &#8211; Nuori Kulttuuri<br>21.5. Kotka &#8211; Kotkan Tori<br>14.6. Sein\u00e4joki &#8211; Provinssirock<br>25.7. Tampere &#8211; Ska Park Festival<br>19.9. Kotka &#8211; Nuokkari<br>26.9. Hamina &#8211; Seurahuone<br>4.10. Hamina &#8211; Ruutikellari<\/p>\n<h3><strong>2004<\/strong><\/h3>\n<p>6.12. Kotka &#8211; Nuokkari<\/p>\n<h3><strong>2005<\/strong><\/h3>\n<p>18.2. Joensuu &#8211; Marks<br>22.4. Helsinki &#8211; Kallahden nuorisotalo<br>14.5. Karhula &#8211; Sam&#8217;s Pub<br>21.5. Jyv\u00e4skyl\u00e4 &#8211; Yl\u00e4kaupungin y\u00f6<br>11.6. Kotka &#8211; L\u00e4nsivarasto<br>12.6. Tampere &#8211; Vastavirta-klubi<br>30.7. Lemp\u00e4\u00e4l\u00e4 &#8211; Puntala rock<br>31.8. Tampere &#8211; Klubi<br>16.9. Sein\u00e4joki &#8211; Bar 15<br>17.9. Oulu &#8211; Never Grow Old<br>19.10. Helsinki &#8211; Libert\u00e9<br>20.10. Porvoo &#8211; Bar Mary<br>3.12. Kotka &#8211; Nuorisok\u00e4r\u00e4j\u00e4t<\/p>\n<h3><strong>2006<\/strong><\/h3>\n<p>10.2. Kotka &#8211; Nuokkari<br>10.3. Hamina &#8211; Ravintola Axel&#8217;s<br>5.5. Karhula &#8211; Sam&#8217;s Pub<br>6.5. Ristiina &#8211; Koulukeskus<br>19.5. Helsinki &#8211; Libert\u00e9<br>9.6. Lieksa &#8211; Beach Party<br>17.6. Helsinki &#8211; Nosturi<br>10.8. Hamina &#8211; Elomarkkinat<br>11.8. Lappeenranta &#8211; Pusupuisto<br>16.8. Vaasa &#8211; Club 25<br>18.8. Sein\u00e4joki &#8211; Bar 15<br>19.8. Oulu &#8211; Never Grow Old<br>20.8. Tampere &#8211; Vastavirta-klubi<br>23.8. Helsinki &#8211; Semifinal<br>24.8. Porvoo &#8211; Bar Mary<br>25.8. Hamina &#8211; Jack Up<br>2.9. Sein\u00e4joki &#8211; Rytmikorjaamo<br>6.10. Joensuu &#8211; Teatteriravintola<br>7.10. Joensuu &#8211; Pienet bileet<br>20.10. Helsinki &#8211; Kuudes linja<br>17.11. Helsinki &#8211; Oranssi<br>8.12. Helsinki &#8211; Kallahden nuorisotalo<br>28.12. Helsinki &#8211; Tavastia<\/p>\n<h3><strong>2007<\/strong><\/h3>\n<p>18.1. Tarto, Estonia &#8211; Rock&#8217;n&#8217;roll<br>19.1. Riika, Latvia &#8211; Club Depo<br>20.1. Liepaja, Latvia &#8211; Fontaine Palace<br>21.1. Vilna, Liettua &#8211; Gyvas d.i.y.<br>10.2. Helsinki &#8211; Oranssi<br>28.2. Kuopio &#8211; Henry&#8217;s Pub<br>1.3. Kajaani &#8211; Balls<br>2.3. Jyv\u00e4skyl\u00e4 &#8211; Vakiopaine<br>3.3. Karhula &#8211; Sam&#8217;s Pub<br>12.3. Oulu &#8211; 45\/Special<br>13.3. Kotka &#8211; Pub Albert<br>30.3. Pietari, Ven\u00e4j\u00e4 &#8211; Club Zokol<br>5.4. Jyv\u00e4skyl\u00e4 &#8211; Ilokivi<br>6.4. Tampere &#8211; Pispalan konttori<br>7.4. Savitaipale &#8211; Ravintola Sahrami<br>30.4. Porvoo &#8211; Bar Mary<br>1.5. Turku &#8211; Vappupiknik<br>19.5. Helsinki &#8211; Oranssi<br>25.5. Joensuu &#8211; Teatteriklubi<br>26.5. Tampere &#8211; Vastavirta-klubi<br>20.6. Lahti &#8211; Torvi<br>30.6. Pielavesi &#8211; Pielavesirock<br>5.7. Helsinki &#8211; Tavastia<br>11.7. Jyv\u00e4skyl\u00e4 &#8211; Lutakko<br>13.7. Joensuu &#8211; Ilosaarirock<br>29.8. Kotka &#8211; Amarillo<br>15.9. Petroskoi, Ven\u00e4j\u00e4 &#8211; Keskustori<br>19.9. Tampere &#8211; Yo-talo<br>20.9. Muurame &#8211; Piano-Jylh\u00e4<br>21.9. Jyv\u00e4skyl\u00e4 &#8211; Vakiopaine<br>22.9. Sein\u00e4joki &#8211; Bar 15<br>23.9. Oulu &#8211; 45\/Special<br>24.9. Silja Europa &#8211; Goom-risteily<br>27.9. Helsinki &#8211; Semifinal<br>28.9. Porvoo &#8211; Bar Mary<br>29.9. Karhula &#8211; Sam&#8217;s Pub<br>18.10. Hamina &#8211; Liikuntahalli<br>25.10. Helsinki &#8211; Belly<br>26.10. Helsinki &#8211; Oranssi<br>9.11. Kajaani &#8211; Balls<br>10.11. Kuopio &#8211; Intro<br>1.12. Helsinki &#8211; Kallahden nuorisotalo<br>14.12. Jyv\u00e4skyl\u00e4 &#8211; Ilokivi<br>29.12. Helsinki &#8211; Oranssi<\/p>\n<h3><strong>2008<\/strong><\/h3>\n<p>23.1. Tampere &#8211; Klubi<br>24.1. Turku &#8211; Klubi<br>26.1. Helsinki &#8211; Tavastia<br>7.3. Jyv\u00e4skyl\u00e4 &#8211; Ilokivi<br>14.3. Kotka &#8211; Nuorisotalo<br>15.3. Porvoo &#8211; Toimintakeskus Terminaali<br>30.4. Karhula &#8211; Sam&#8217;s Pub<br>1.5. Karhula &#8211; Tori<br>16.5. Helsinki &#8211; Vanha ylioppilastalo<br>23.5. Vantaa &#8211; Vernissa<br>30.5. Jyv\u00e4skyl\u00e4 &#8211; Lutakko<br>31.5. Helsinki &#8211; Nosturi<br>14.6. Sein\u00e4joki &#8211; Provinssirock<br>30.8. Tampere &#8211; Keskustori<br>30.8. J\u00e4ms\u00e4 &#8211; Himos<br>31.10. Kotka &#8211; Kairo<br>21.11. Korpilahti &#8211; Teuvorock<\/p>\n<h3><strong>2009<\/strong><\/h3>\n<p>24.2. Joensuu &#8211; Night<br>25.2. Helsinki &#8211; Mascot<br>26.2. Helsinki &#8211; Levykauppa X<br>27.2. Helsinki &#8211; Oranssi<br>28.2. Karhula &#8211; Sam&#8217;s Pub<br>26.3. Kouvola &#8211; Amarillo<br>2.4. Helsinki &#8211; Bar Loose<br>3.4. Kuopio &#8211; Henry&#8217;s Pub<br>4.4. Joensuu &#8211; Kellari<br>9.4. Porvoo &#8211; Donington<br>10.4. H\u00e4meenlinna &#8211; Suistoklubi<br>11.4. Tampere &#8211; Vastavirta-klubi<br>12.4. Turku &#8211; Klubi<br>13.4. Telaj\u00e4rvi &#8211; Liikuntahalli<br>18.4. Sein\u00e4joki &#8211; Bar 15<br>19.4. Kotka &#8211; Backroom<br>14.5. Lahti &#8211; Torvi<br>15.5. Jyv\u00e4skyl\u00e4 &#8211; Vakiopaine<br>16.5. Kajaani &#8211; Balls<br>20.5. Helsinki &#8211; Libert\u00e9<br>23.5. Joensuu &#8211; Teatteriravintola<br>11.7. Savitaipale &#8211; Kevyen musiikin piknik<br>11.7. Vuohij\u00e4rvi &#8211; K\u00e4nkk\u00e4r\u00e4nkk\u00e4<br>16.7. Turku &#8211; Kirjakahvila<br>17.7. Liperi &#8211; Jylyfest<br>3.8. Karhula &#8211; William Ruthin katu<br>18.9. Kotka &#8211; Kairo<br>19.9. Helsinki &#8211; Tavastia<br>30.10. Karhula &#8211; Helil\u00e4n koulu<br>30.10. Helsinki &#8211; Oranssi<br>21.11. Kotka &#8211; Ruonalan urheiluhalli<br>25.11. Helsinki &#8211; Mascot<\/p>\n<h3><strong>2010<\/strong><\/h3>\n<p>20.3. Helsinki &#8211; Semifinal<br>27.3. Karhula &#8211; Sam&#8217;s Pub<br>12.5. Helsinki &#8211; Belly<br>15.5. Tampere &#8211; Dog&#8217;s Home<br>9.6. Helsinki &#8211; Mascot<br>14.6. TV2 &#8211; Summeri<br>3.7. Lieksa &#8211; Muhelinpurock<br>16.7. Hamina &#8211; Sekstantti<br>30.7. Kotka &#8211; Merip\u00e4iv\u00e4t<br>2.8. Hamina &#8211; Hamina Tattoo<br>24.8. Helsinki &#8211; Ravintola Zetor<br>25.8. Turku &#8211; Klubi<br>29.9. Helsinki &#8211; Bar Loose<br>2.10. Porvoo &#8211; Soho<br>8.10. Somero &#8211; DrunknMonkey<br>9.10. Jyv\u00e4skyl\u00e4 &#8211; Lutakko<br>14.10. Tampere &#8211; Jack The Rooster<br>15.10. Salo &#8211; DrunknMonkey<br>16.10. Karhula &#8211; Sam&#8217;s Pub<br>28.10. Helsinki &#8211; Korjaamo<br>29.10. Kokkola &#8211; West Coast Bar<br>30.10. Sein\u00e4joki &#8211; Bar 15<br>5.11. Helsinki &#8211; Libert\u00e9<br>6.11. Tampere &#8211; Vastavirta-klubi<br>2.12. Mikkeli &#8211; Wilhelm<br>3.12. Joensuu &#8211; Teatteriklubi<br>10.12. Oulu &#8211; Nuclear Nightclub<br>11.12. Kajaani &#8211; Balls<\/p>\n<h3><strong>2011<\/strong><\/h3>\n<p>25.2. Kotka &#8211; Pub Jaakko V<br>8.3. Helsinki &#8211; Circus<br>22.3. Helsinki &#8211; Tavastia<br>1.4. Petroskoi, Ven\u00e4j\u00e4 &#8211; Porshen Club<br>2.4. Pietari, Ven\u00e4j\u00e4 &#8211; Money Honey<br>7.4. Riika, Latvia &#8211; Club Depo<br>8.4. Liepaja, Latvia &#8211; Fontaine Palace<br>9.4. Tarto, Viro &#8211; Rock&#8217;n&#8217;Roll<br>16.4. Mikkeli &#8211; Naisvuoritalo<br>29.4. Helsinki &#8211; Semifinal<br>27.5. Hamina &#8211; Bastioni<br>12.6. Helsinki &#8211; Espan lava<br>24.7. Helsinki &#8211; Alppipuisto<br>30.9. Helsinki &#8211; Ravintolalaiva W\u00e4iski<br>16.11. Turku &#8211; Klubi<br>17.11. Helsinki &#8211; Bar Loose<br>18.11. Kotka &#8211; Kairo<br>16.12. Porvoo &#8211; Bar Soho<\/p>\n<h3><strong>2012<\/strong><\/h3>\n<p>18.2. Lappeenranta &#8211; Lucky Monkeys<br>7.4. Karhula &#8211; Sam&#8217;s Pub<br>21.4. Imatra &#8211; Iskelm\u00e4ravintola Iiwari<\/p>\n<h3><strong>2013<\/strong><\/h3>\n<p>30.3. Karhula &#8211; Sam&#8217;s Pub<br>19.4. Lappeenranta &#8211; Galleria Hoi Sie!<br>20.4.&nbsp;Helsinki &#8211; Semifinal<br>7.6. Karhula &#8211; Ravintola Alvari<br>8.6. Karhula &#8211; Tori<br>5.7. Helsinki &#8211; Mascot<br>6.7. Turku &#8211; Kirjakahvila<br>7.7. Hanko<br>7.7. Porvoo &#8211; Jocken h\u00f6yrylaiva<br>8.7. Tampere &#8211; Koskipuisto<br>9.7. Yksityistilaisuus<br>10.7. Yksityistilaisuus<br>11.7. Jyv\u00e4skyl\u00e4 &#8211; K\u00e4velykatu<br>11.7. Hankasalmi &#8211; Hankasalmen asema<br>12.7. Kuopio &#8211; Tori<br>13.7. Joensuu &#8211; K\u00e4velykatu<br>15.11. Helsinki &#8211; Mascot<br>16.11. Karhula &#8211; Sam&#8217;s Pub<\/p>\n<h3><strong>2014<\/strong><\/h3>\n<p>31.5. Helsinki &#8211; Semifinal<br>27.6. Kotka &#8211; Lavatanssit -festivaali<\/p>\n<h3><strong>2015<\/strong><\/h3>\n<p>17.4. Helsinki &#8211; Mascot<br>18.4. Karhula &#8211; Sam&#8217;s Pub<\/p>\n<h3>2019<\/h3>\n<p>27.4. Porvoo &#8211; Nou Paha &#8211; Jocke Lybeck Fest &#8211; Vanha123<\/p>","protected":false},"excerpt":{"rendered":"<p>Goon tekee loppuvuodesta 2021 muutaman valikoidun keikan jonka j\u00e4lkeen b\u00e4ndi j\u00e4\u00e4 uudelleen m\u00e4\u00e4rittelem\u00e4tt\u00f6m\u00e4n mittaiselle keikkatauolle. Mik\u00e4li haluat n\u00e4hd\u00e4 b\u00e4ndin liven\u00e4, nyt siihen on ainutlaatuinen mahdollisuus! 2021 19.11.2021 Helsinki &#8211; Bar<a href=\"https:\/\/www.goon.fi\/?page_id=41\" class=\"more-link\"><span class=\"readmore\">Lue lis\u00e4\u00e4<span class=\"screen-reader-text\">Keikat<\/span><\/span><\/a><\/p>\n","protected":false},"author":2,"featured_media":0,"parent":0,"menu_order":0,"comment_status":"closed","ping_status":"closed","template":"","meta":{"ngg_post_thumbnail":0,"footnotes":""},"class_list":["post-41","page","type-page","status-publish","hentry"],"_links":{"self":[{"href":"https:\/\/www.goon.fi\/index.php?rest_route=\/wp\/v2\/pages\/41","targetHints":{"allow":["GET"]}}],"collection":[{"href":"https:\/\/www.goon.fi\/index.php?rest_route=\/wp\/v2\/pages"}],"about":[{"href":"https:\/\/www.goon.fi\/index.php?rest_route=\/wp\/v2\/types\/page"}],"author":[{"embeddable":true,"href":"https:\/\/www.goon.fi\/index.php?rest_route=\/wp\/v2\/users\/2"}],"replies":[{"embeddable":true,"href":"https:\/\/www.goon.fi\/index.php?rest_route=%2Fwp%2Fv2%2Fcomments&post=41"}],"version-history":[{"count":10,"href":"https:\/\/www.goon.fi\/index.php?rest_route=\/wp\/v2\/pages\/41\/revisions"}],"predecessor-version":[{"id":800,"href":"https:\/\/www.goon.fi\/index.php?rest_route=\/wp\/v2\/pages\/41\/revisions\/800"}],"wp:attachment":[{"href":"https:\/\/www.goon.fi\/index.php?rest_route=%2Fwp%2Fv2%2Fmedia&parent=41"}],"curies":[{"name":"wp","href":"https:\/\/api.w.org\/{rel}","templated":true}]}}